{"id":6109,"date":"2026-03-15T07:33:04","date_gmt":"2026-03-15T07:33:04","guid":{"rendered":"https:\/\/dujukatiluservisas.lt\/?post_type=product&#038;p=6109"},"modified":"2026-03-15T14:25:09","modified_gmt":"2026-03-15T14:25:09","slug":"k917-marco-full-zip-microfleece-jacket","status":"publish","type":"product","link":"https:\/\/dujukatiluservisas.lt\/en\/product-category\/k917-marco-full-zip-microfleece-jacket\/","title":{"rendered":"K917 Marco  Full Zip Microfleece Jacket"},"content":{"rendered":"<p>&nbsp;<\/p>\n<div>\n<div>\n<div align=\"left\"><\/div>\n<\/div>\n<\/div>\n<div><\/div>\n<div><strong>Jei planuojate ant gamini\u0173 siuvin\u0117ti, persiuskite logotip\u0105 ar kit\u0105 vaizdin\u0119 med\u017eiag\u0105 el. pa\u0161tu.<br \/>\nVaizdin\u0117 med\u017eiaga \u2013 *.cdr, *.ai, *.pdf, arba geresn\u0117s kokyb\u0117s paveiksliukas vienu i\u0161 format\u0173 \u2013 *.bmp, *.jpg, *.png.<br \/>\nNurodykite, koks preliminariai planuojamas tira\u017eas ir pageidavimus:<br \/>\nSiuvin\u0117jimo vieta ir dyd\u017eiai (ilgis, plotis)<\/strong><br \/>\n<strong>Pateiksime i\u0161skirtin\u012f pasi\u016blym\u0105, pad\u0117dami pagrindus ilgalaikiui bendradarbiavimui.<\/strong><\/div>\n<div><\/div>\n<div><\/div>\n<p>&nbsp;<\/p>\n<div>Svetain\u0117je si\u016blomi gaminiai n\u0117ra skirti asmeniniams vartotojo poreikiams tenkinti.<\/div>\n<div>\n<div>Gamini\u0173 spalvos, nurodytos m\u016bs\u0173 tinklalapyje, yra iliustratyvaus pob\u016bd\u017eio, jie gali skirtis priklausomai nuo \u012frenginio kuriuo nar\u0161ote.<\/div>\n<div>Dyd\u017eiai skiriasi priklausomai nuo prek\u0117s \u017eenklo. To paties prek\u0117s \u017eenklo dyd\u017eio poky\u010di\u0173 tolerancija yra +\/- 5%.)<\/div>\n<div>Dydis, spalva, kokyb\u0117s poky\u010diai &#8211; didmenin\u0117je pramon\u0117je toleruojami +\/- 5%.<\/div>\n<\/div>\n<div><\/div>\n<div><\/div>\n<p>&nbsp;<\/p>","protected":false},"excerpt":{"rendered":"<div>Gramat\u016bra:\u00a0350 g\/m<sup>2<\/sup>\u00a0Mikro flisas didelio tankio &#8211; 100% poliesteris.<\/div>\n<div><\/div>\n<div>1 vnt. &#8211; vieno modelio, vienos spalvos ir vieno dyd\u017eio gaminiai.<\/div>\n<div><strong>2026 m. kovo 15 d. prane\u0161imas:<\/strong><strong>\u00a0kainora\u0161tis kei\u010diamas, galimi netikslumai.<\/strong><\/div>\n<div><strong>*<\/strong> &#8211;\u00a0kain\u0105 ir tiekimo terminus patikslinsime el. pa\u0161tu gav\u0119 u\u017eklaus\u0105 <a href=\"mailto:info@prekys.lt\">info@prekys.lt<\/a><\/div>\n<p>&nbsp;<\/p>\n<div>\n<div align=\"left\">\n<hr \/>\n<table border=\"1\" width=\"100%\" cellspacing=\"0\" cellpadding=\"0\">\n<tbody>\n<tr>\n<td class=\"tblwhite\" width=\"10%\"><\/td>\n<td class=\"tblcolor\" width=\"10%\">S<\/td>\n<td class=\"tblcolor\" width=\"10%\">M<\/td>\n<td class=\"tblcolor\" width=\"10%\">L<\/td>\n<td class=\"tblcolor\" width=\"10%\">XL<\/td>\n<td class=\"tblcolor\" width=\"10%\">XXL<\/td>\n<td class=\"tblcolor\" width=\"10%\">3XL<\/td>\n<td class=\"tblcolor\" width=\"10%\">4XL<\/td>\n<\/tr>\n<tr>\n<td class=\"tblwhite\">A<\/td>\n<td class=\"tblwhite1\">70 cm<\/td>\n<td class=\"tblwhite1\">72 cm<\/td>\n<td class=\"tblwhite1\">75 cm<\/td>\n<td class=\"tblwhite1\">77 cm<\/td>\n<td class=\"tblwhite1\">80 cm<\/td>\n<td class=\"tblwhite1\">83 cm<\/td>\n<td class=\"tblwhite1\">86 cm<\/td>\n<\/tr>\n<tr>\n<td class=\"tblwhite\">B<\/td>\n<td class=\"tblwhite1\">53 cm<\/td>\n<td class=\"tblwhite1\">56 cm<\/td>\n<td class=\"tblwhite1\">59 cm<\/td>\n<td class=\"tblwhite1\">62 cm<\/td>\n<td class=\"tblwhite1\">66 cm<\/td>\n<td class=\"tblwhite1\">70 cm<\/td>\n<td class=\"tblwhite1\">74 cm<\/td>\n<\/tr>\n<\/tbody>\n<\/table>\n<div align=\"left\">A\u00a0&#8211; ilgis nuo pe\u010di\u0173 si\u016bl\u0117s iki apa\u010dios,\u00a0cm.<br \/>\nB\u00a0&#8211; plotis tarp \u0161onini\u0173 si\u016bli\u0173, cm.<\/div>\n<div align=\"left\">Dyd\u017eiai: S-M-L-XL-XXL-3XL-(4XL tiekimas tik spalva: Tamsi m\u0117lyna)<\/div>\n<div align=\"left\"><img decoding=\"async\" src=\"https:\/\/dujukatiluservisas.lt\/wp-content\/uploads\/2026\/03\/dydziai_ab.jpg\" alt=\"Dyd\u017ei\u0173 lentel\u0117 \" border=\"0\" \/><\/div>\n<\/div>\n<\/div>\n<hr \/>\n<div class=\"wpcf7 no-js\" id=\"wpcf7-f6096-o1\" lang=\"en-US\" dir=\"ltr\" data-wpcf7-id=\"6096\">\n<div class=\"screen-reader-response\">\n<p role=\"status\" aria-live=\"polite\" aria-atomic=\"true\">\n<ul><\/ul>\n<\/div>\n<form action=\"\/en\/wp-json\/wp\/v2\/product\/6109#wpcf7-f6096-o1\" method=\"post\" class=\"wpcf7-form init\" aria-label=\"Contact form\" novalidate=\"novalidate\" data-status=\"init\" data-trp-original-action=\"\/en\/wp-json\/wp\/v2\/product\/6109#wpcf7-f6096-o1\">\n<div style=\"display: none;\">\n<input type=\"hidden\" name=\"_wpcf7\" value=\"6096\" \/><br \/>\n<input type=\"hidden\" name=\"_wpcf7_version\" value=\"6.0.6\" \/><br \/>\n<input type=\"hidden\" name=\"_wpcf7_locale\" value=\"en_US\" \/><br \/>\n<input type=\"hidden\" name=\"_wpcf7_unit_tag\" value=\"wpcf7-f6096-o1\" \/><br \/>\n<input type=\"hidden\" name=\"_wpcf7_container_post\" value=\"0\" \/><br \/>\n<input type=\"hidden\" name=\"_wpcf7_posted_data_hash\" value=\"\" \/>\n<\/div>\n<div class=\"row\">\n<div class=\"col-12 col-lg-6\">\n<p><label> Vardas * <\/label><span class=\"wpcf7-form-control-wrap\" data-name=\"your-name\"><input size=\"40\" maxlength=\"400\" class=\"wpcf7-form-control wpcf7-text wpcf7-validates-as-required\" aria-required=\"true\" aria-invalid=\"false\" value=\"\" type=\"text\" name=\"your-name\" \/><\/span>\n\t\t<\/p>\n<\/p><\/div>\n<div class=\"col-12 col-lg-6\">\n<p><label> El. Pa\u0161tas *<\/label><span class=\"wpcf7-form-control-wrap\" data-name=\"your-email\"><input size=\"40\" maxlength=\"400\" class=\"wpcf7-form-control wpcf7-email wpcf7-validates-as-required wpcf7-text wpcf7-validates-as-email\" aria-required=\"true\" aria-invalid=\"false\" value=\"\" type=\"email\" name=\"your-email\" \/><\/span>\n\t\t<\/p>\n<\/p><\/div>\n<div class=\"col-12 col-lg-12\">\n<p><label> Tema* <\/label><span class=\"wpcf7-form-control-wrap\" data-name=\"your-subject\"><input size=\"40\" maxlength=\"400\" class=\"wpcf7-form-control wpcf7-text wpcf7-validates-as-required\" aria-required=\"true\" aria-invalid=\"false\" value=\"\" type=\"text\" name=\"your-subject\" \/><\/span>\n\t\t<\/p>\n<\/p><\/div>\n<div class=\"col-12 col-lg-12\">\n<p><label> \u017dinut\u0117 <\/label><span class=\"wpcf7-form-control-wrap\" data-name=\"your-message\"><textarea cols=\"40\" rows=\"10\" maxlength=\"2000\" class=\"wpcf7-form-control wpcf7-textarea\" aria-invalid=\"false\" name=\"your-message\"><\/textarea><\/span>\n\t\t<\/p>\n<\/p><\/div>\n<div class=\"col-12 col-lg-12\">\n<p><input class=\"wpcf7-form-control wpcf7-submit has-spinner\" type=\"submit\" value=\"I\u0161si\u0173sti\" \/>\n\t\t<\/p>\n<\/p><\/div>\n<\/div>\n<div class=\"wpcf7-response-output\" aria-hidden=\"true\"><\/div>\n<input type=\"hidden\" name=\"trp-form-language\" value=\"en\"\/><\/form>\n<\/div>","protected":false},"featured_media":6180,"comment_status":"open","ping_status":"closed","template":"","meta":[],"product_brand":[353],"product_cat":[349,313,351],"product_tag":[],"class_list":{"0":"post-6109","1":"product","2":"type-product","3":"status-publish","4":"has-post-thumbnail","6":"product_brand-karban","7":"product_cat-flisiniai-dzemperiai-ir-liemenes","8":"product_cat-vaikiski","9":"product_cat-vyrams","11":"first","12":"instock","13":"shipping-taxable","14":"purchasable","15":"product-type-variable"},"_links":{"self":[{"href":"https:\/\/dujukatiluservisas.lt\/en\/wp-json\/wp\/v2\/product\/6109","targetHints":{"allow":["GET"]}}],"collection":[{"href":"https:\/\/dujukatiluservisas.lt\/en\/wp-json\/wp\/v2\/product"}],"about":[{"href":"https:\/\/dujukatiluservisas.lt\/en\/wp-json\/wp\/v2\/types\/product"}],"replies":[{"embeddable":true,"href":"https:\/\/dujukatiluservisas.lt\/en\/wp-json\/wp\/v2\/comments?post=6109"}],"wp:featuredmedia":[{"embeddable":true,"href":"https:\/\/dujukatiluservisas.lt\/en\/wp-json\/wp\/v2\/media\/6180"}],"wp:attachment":[{"href":"https:\/\/dujukatiluservisas.lt\/en\/wp-json\/wp\/v2\/media?parent=6109"}],"wp:term":[{"taxonomy":"product_brand","embeddable":true,"href":"https:\/\/dujukatiluservisas.lt\/en\/wp-json\/wp\/v2\/product_brand?post=6109"},{"taxonomy":"product_cat","embeddable":true,"href":"https:\/\/dujukatiluservisas.lt\/en\/wp-json\/wp\/v2\/product_cat?post=6109"},{"taxonomy":"product_tag","embeddable":true,"href":"https:\/\/dujukatiluservisas.lt\/en\/wp-json\/wp\/v2\/product_tag?post=6109"}],"curies":[{"name":"wp","href":"https:\/\/api.w.org\/{rel}","templated":true}]}}