{"id":5655,"date":"2026-03-13T09:12:44","date_gmt":"2026-03-13T09:12:44","guid":{"rendered":"https:\/\/dujukatiluservisas.lt\/?post_type=product&#038;p=5655"},"modified":"2026-03-13T09:12:50","modified_gmt":"2026-03-13T09:12:50","slug":"moteriskas-dzemperis-as-rasa","status":"publish","type":"product","link":"https:\/\/dujukatiluservisas.lt\/en\/product-category\/moteriskas-dzemperis-as-rasa\/","title":{"rendered":"Moteri\u0161kas d\u017eemperis &#8222;A\u0161 Rasa&#8221;"},"content":{"rendered":"<p data-start=\"350\" data-end=\"648\"><strong data-start=\"350\" data-end=\"384\"><span class=\"_fadeIn_m1hgl_8\">Moteri\u0161kas <\/span><span class=\"_fadeIn_m1hgl_8\">d\u017eemperis \u201e<\/span><span class=\"_fadeIn_m1hgl_8\">A\u0161 <\/span><span class=\"_fadeIn_m1hgl_8\">Rasa ir \u0161iandien mano diena!\u201c<\/span><\/strong><span class=\"_fadeIn_m1hgl_8\"> \u2013 <\/span><span class=\"_fadeIn_m1hgl_8\">tai <\/span><span class=\"_fadeIn_m1hgl_8\">daugiau <\/span><span class=\"_fadeIn_m1hgl_8\">nei <\/span><span class=\"_fadeIn_m1hgl_8\">drabu\u017eis. <\/span><span class=\"_fadeIn_m1hgl_8\">Tai <\/span><span class=\"_fadeIn_m1hgl_8\">parei\u0161kimas, <\/span><span class=\"_fadeIn_m1hgl_8\">kad <\/span><span class=\"_fadeIn_m1hgl_8\">Tu <\/span><span class=\"_fadeIn_m1hgl_8\">esi <\/span><span class=\"_fadeIn_m1hgl_8\">unikali, <\/span><span class=\"_fadeIn_m1hgl_8\">dr\u0105si <\/span><span class=\"_fadeIn_m1hgl_8\">ir <\/span><span class=\"_fadeIn_m1hgl_8\">\u017einai, <\/span><span class=\"_fadeIn_m1hgl_8\">kas <\/span><span class=\"_fadeIn_m1hgl_8\">esi. <\/span><span class=\"_fadeIn_m1hgl_8\">\u0160is <\/span><span class=\"_fadeIn_m1hgl_8\">d\u017eemperis <\/span><span class=\"_fadeIn_m1hgl_8\">puikiai <\/span><span class=\"_fadeIn_m1hgl_8\">derina <\/span><span class=\"_fadeIn_m1hgl_8\">komfort\u0105 <\/span><span class=\"_fadeIn_m1hgl_8\">ir <\/span><span class=\"_fadeIn_m1hgl_8\">stili\u0173: <\/span><span class=\"_fadeIn_m1hgl_8\">mink\u0161tas <\/span><span class=\"_fadeIn_m1hgl_8\">audinys <\/span><span class=\"_fadeIn_m1hgl_8\">maloniai <\/span><span class=\"_fadeIn_m1hgl_8\">priglunda <\/span><span class=\"_fadeIn_m1hgl_8\">prie <\/span><span class=\"_fadeIn_m1hgl_8\">k\u016bno, <\/span><span class=\"_fadeIn_m1hgl_8\">o <\/span><span class=\"_fadeIn_m1hgl_8\">laisvesnio <\/span><span class=\"_fadeIn_m1hgl_8\">kirpimo <\/span><span class=\"_fadeIn_m1hgl_8\">modelis <\/span><span class=\"_fadeIn_m1hgl_8\">nevar\u017eo <\/span><span class=\"_fadeIn_m1hgl_8\">judesi\u0173 <\/span><span class=\"_fadeIn_m1hgl_8\">ir <\/span><span class=\"_fadeIn_m1hgl_8\">tinka <\/span><span class=\"_fadeIn_m1hgl_8\">visiems <\/span><span class=\"_fadeIn_m1hgl_8\">fig\u016bros <\/span><span class=\"_fadeIn_m1hgl_8\">tipams.<\/span><\/p>\n<p data-start=\"650\" data-end=\"844\"><span class=\"_fadeIn_m1hgl_8\">Ry\u0161kus <\/span><span class=\"_fadeIn_m1hgl_8\">u\u017era\u0161as <\/span><strong data-start=\"665\" data-end=\"678\"><span class=\"_fadeIn_m1hgl_8\">\u201eA\u0161 Rasa ir \u0161iandien mano diena!<\/span><span class=\"_fadeIn_m1hgl_8\">\u201c<\/span><\/strong><span class=\"_fadeIn_m1hgl_8\"> \u2013 <\/span><span class=\"_fadeIn_m1hgl_8\">tai <\/span><span class=\"_fadeIn_m1hgl_8\">ne <\/span><span class=\"_fadeIn_m1hgl_8\">tik <\/span><span class=\"_fadeIn_m1hgl_8\">vardas, <\/span><span class=\"_fadeIn_m1hgl_8\">bet <\/span><span class=\"_fadeIn_m1hgl_8\">ir <\/span><span class=\"_fadeIn_m1hgl_8\">nuotaika, <\/span><span class=\"_fadeIn_m1hgl_8\">pasitik\u0117jimas <\/span><span class=\"_fadeIn_m1hgl_8\">savimi, <\/span><span class=\"_fadeIn_m1hgl_8\">i\u0161skirtinumas. <\/span><span class=\"_fadeIn_m1hgl_8\">Puikus <\/span><span class=\"_fadeIn_m1hgl_8\">pasirinkimas <\/span><span class=\"_fadeIn_m1hgl_8\">tiek <\/span><span class=\"_fadeIn_m1hgl_8\">laisvalaikiui, <\/span><span class=\"_fadeIn_m1hgl_8\">tiek <\/span><span class=\"_fadeIn_m1hgl_8\">jaukioms <\/span><span class=\"_fadeIn_m1hgl_8\">vakarams <\/span><span class=\"_fadeIn_m1hgl_8\">ar <\/span><span class=\"_fadeIn_m1hgl_8\">stilingai <\/span><span class=\"_fadeIn_m1hgl_8\">dienai <\/span><span class=\"_fadeIn_m1hgl_8\">mieste.<\/span><\/p>","protected":false},"excerpt":{"rendered":"<p data-start=\"139\" data-end=\"315\"><span class=\"_fadeIn_m1hgl_8\">Stilingas <\/span><span class=\"_fadeIn_m1hgl_8\">ir <\/span><span class=\"_fadeIn_m1hgl_8\">jaukus <\/span><span class=\"_fadeIn_m1hgl_8\">moteri\u0161kas <\/span><span class=\"_fadeIn_m1hgl_8\">d\u017eemperis \u201eA\u0161 Rasa ir \u0161iandien mano diena!<\/span><span class=\"_fadeIn_m1hgl_8\">\u201c \u2013 <\/span><span class=\"_fadeIn_m1hgl_8\">dr\u0105sus <\/span><span class=\"_fadeIn_m1hgl_8\">b\u016bdas <\/span><span class=\"_fadeIn_m1hgl_8\">i\u0161reik\u0161ti <\/span><span class=\"_fadeIn_m1hgl_8\">save. <\/span><span class=\"_fadeIn_m1hgl_8\">Mink\u0161tas <\/span><span class=\"_fadeIn_m1hgl_8\">audinys, <\/span><span class=\"_fadeIn_m1hgl_8\">patogus <\/span><span class=\"_fadeIn_m1hgl_8\">kirpimas <\/span><span class=\"_fadeIn_m1hgl_8\">ir <\/span><span class=\"_fadeIn_m1hgl_8\">i\u0161skirtinis <\/span><span class=\"_fadeIn_m1hgl_8\">u\u017era\u0161as <\/span><span class=\"_fadeIn_m1hgl_8\">leis <\/span><span class=\"_fadeIn_m1hgl_8\">jaustis <\/span><span class=\"_fadeIn_m1hgl_8\">savimi <\/span><span class=\"_fadeIn_m1hgl_8\">kiekvien\u0105 <\/span><span class=\"_fadeIn_m1hgl_8\">dien\u0105.<\/span><\/p>\n<div class=\"woocommerce-product-details__short-description\">\n<p data-start=\"960\" data-end=\"972\"><strong data-start=\"960\" data-end=\"972\"><span class=\"_fadeIn_m1hgl_8\">Savyb\u0117s:<\/span><\/strong><\/p>\n<ul data-start=\"973\" data-end=\"1177\">\n<li data-start=\"973\" data-end=\"1016\">\n<p data-start=\"975\" data-end=\"1016\"><span class=\"_fadeIn_m1hgl_8\">Med\u017eiaga:\u00a0<\/span><span class=\"_fadeIn_m1hgl_8\">80%\u00a0<\/span><span class=\"_fadeIn_m1hgl_8\">medviln\u0117,\u00a0<\/span><span class=\"_fadeIn_m1hgl_8\">20%\u00a0<\/span><span class=\"_fadeIn_m1hgl_8\">poliesteris<\/span><\/p>\n<\/li>\n<li data-start=\"1017\" data-end=\"1056\">\n<p data-start=\"1019\" data-end=\"1056\"><span class=\"_fadeIn_m1hgl_8\">Mink\u0161tas,\u00a0<\/span><span class=\"_fadeIn_m1hgl_8\">\u0161iltas\u00a0<\/span><span class=\"_fadeIn_m1hgl_8\">ir\u00a0<\/span><span class=\"_fadeIn_m1hgl_8\">malonus\u00a0<\/span><span class=\"_fadeIn_m1hgl_8\">audinys<\/span><\/p>\n<\/li>\n<li data-start=\"1057\" data-end=\"1110\">\n<p data-start=\"1059\" data-end=\"1110\"><span class=\"_fadeIn_m1hgl_8\">Auk\u0161tos\u00a0<\/span><span class=\"_fadeIn_m1hgl_8\">kokyb\u0117s\u00a0<\/span><span class=\"_fadeIn_m1hgl_8\">spauda\u00a0<\/span><\/p>\n<\/li>\n<li data-start=\"1111\" data-end=\"1142\">\n<p data-start=\"1113\" data-end=\"1142\"><span class=\"_fadeIn_m1hgl_8\">Tinkamas\u00a0<\/span><span class=\"_fadeIn_m1hgl_8\">dovanai\u00a0<\/span><span class=\"_fadeIn_m1hgl_8\">ar\u00a0<\/span><span class=\"_fadeIn_m1hgl_8\">\u0161ventei<\/span><\/p>\n<\/li>\n<li data-start=\"1143\" data-end=\"1177\">\n<p data-start=\"1145\" data-end=\"1177\"><span class=\"_fadeIn_m1hgl_8\">Galimi\u00a0<\/span><span class=\"_fadeIn_m1hgl_8\">keli\u00a0<\/span><span class=\"_fadeIn_m1hgl_8\">dyd\u017eiai\u00a0<\/span><span class=\"_fadeIn_m1hgl_8\">ir\u00a0<\/span><span class=\"_fadeIn_m1hgl_8\">spalvos<\/span><\/p>\n<\/li>\n<\/ul>\n<\/div>","protected":false},"featured_media":5676,"comment_status":"open","ping_status":"closed","template":"","meta":[],"product_brand":[],"product_cat":[268,297,316],"product_tag":[],"class_list":{"0":"post-5655","1":"product","2":"type-product","3":"status-publish","4":"has-post-thumbnail","6":"product_cat-marskineliai-ir-dzemperiai","7":"product_cat-moteriski","8":"product_cat-vardadieniai","10":"first","11":"instock","12":"shipping-taxable","13":"purchasable","14":"product-type-variable"},"_links":{"self":[{"href":"https:\/\/dujukatiluservisas.lt\/en\/wp-json\/wp\/v2\/product\/5655","targetHints":{"allow":["GET"]}}],"collection":[{"href":"https:\/\/dujukatiluservisas.lt\/en\/wp-json\/wp\/v2\/product"}],"about":[{"href":"https:\/\/dujukatiluservisas.lt\/en\/wp-json\/wp\/v2\/types\/product"}],"replies":[{"embeddable":true,"href":"https:\/\/dujukatiluservisas.lt\/en\/wp-json\/wp\/v2\/comments?post=5655"}],"wp:featuredmedia":[{"embeddable":true,"href":"https:\/\/dujukatiluservisas.lt\/en\/wp-json\/wp\/v2\/media\/5676"}],"wp:attachment":[{"href":"https:\/\/dujukatiluservisas.lt\/en\/wp-json\/wp\/v2\/media?parent=5655"}],"wp:term":[{"taxonomy":"product_brand","embeddable":true,"href":"https:\/\/dujukatiluservisas.lt\/en\/wp-json\/wp\/v2\/product_brand?post=5655"},{"taxonomy":"product_cat","embeddable":true,"href":"https:\/\/dujukatiluservisas.lt\/en\/wp-json\/wp\/v2\/product_cat?post=5655"},{"taxonomy":"product_tag","embeddable":true,"href":"https:\/\/dujukatiluservisas.lt\/en\/wp-json\/wp\/v2\/product_tag?post=5655"}],"curies":[{"name":"wp","href":"https:\/\/api.w.org\/{rel}","templated":true}]}}