{"id":5628,"date":"2026-03-13T09:12:42","date_gmt":"2026-03-13T09:12:42","guid":{"rendered":"https:\/\/dujukatiluservisas.lt\/?post_type=product&#038;p=5628"},"modified":"2026-03-13T09:12:47","modified_gmt":"2026-03-13T09:12:47","slug":"moteriskas-dzemperis-moteris-zmona-bose","status":"publish","type":"product","link":"https:\/\/dujukatiluservisas.lt\/en\/product-category\/moteriskas-dzemperis-moteris-zmona-bose\/","title":{"rendered":"Moteri\u0161kas d\u017eemperis &#8222;Moteris, \u017emona, bos\u0117&#8221;"},"content":{"rendered":"<p data-start=\"350\" data-end=\"631\"><span class=\"_fadeIn_m1hgl_8\">Parodyk <\/span><span class=\"_fadeIn_m1hgl_8\">savo <\/span><span class=\"_fadeIn_m1hgl_8\">stipryb\u0119, <\/span><span class=\"_fadeIn_m1hgl_8\">pasitik\u0117jim\u0105 <\/span><span class=\"_fadeIn_m1hgl_8\">ir <\/span><span class=\"_fadeIn_m1hgl_8\">moteri\u0161kum\u0105 <\/span><span class=\"_fadeIn_m1hgl_8\">su <\/span><span class=\"_fadeIn_m1hgl_8\">d\u017eemperiu <\/span><strong data-start=\"414\" data-end=\"440\"><span class=\"_fadeIn_m1hgl_8\">\u201e<\/span><span class=\"_fadeIn_m1hgl_8\">Moteris, <\/span><span class=\"_fadeIn_m1hgl_8\">\u017emona, <\/span><span class=\"_fadeIn_m1hgl_8\">bos\u0117, mama\u201c<\/span><\/strong><span class=\"_fadeIn_m1hgl_8\">. <\/span><span class=\"_fadeIn_m1hgl_8\">Tai <\/span><span class=\"_fadeIn_m1hgl_8\">daugiau <\/span><span class=\"_fadeIn_m1hgl_8\">nei <\/span><span class=\"_fadeIn_m1hgl_8\">tik <\/span><span class=\"_fadeIn_m1hgl_8\">\u0161iluma \u2013 <\/span><span class=\"_fadeIn_m1hgl_8\">tai <\/span><span class=\"_fadeIn_m1hgl_8\">drabu\u017eis, <\/span><span class=\"_fadeIn_m1hgl_8\">kuris <\/span><span class=\"_fadeIn_m1hgl_8\">kalba <\/span><span class=\"_fadeIn_m1hgl_8\">u\u017e <\/span><span class=\"_fadeIn_m1hgl_8\">tave. <\/span><span class=\"_fadeIn_m1hgl_8\">Modernus <\/span><span class=\"_fadeIn_m1hgl_8\">dizainas <\/span><span class=\"_fadeIn_m1hgl_8\">ir <\/span><span class=\"_fadeIn_m1hgl_8\">\u012fkvepianti <\/span><span class=\"_fadeIn_m1hgl_8\">\u017einut\u0117 <\/span><span class=\"_fadeIn_m1hgl_8\">atspindi <\/span><span class=\"_fadeIn_m1hgl_8\">\u0161iuolaikin\u0117s <\/span><span class=\"_fadeIn_m1hgl_8\">moters <\/span><span class=\"_fadeIn_m1hgl_8\">vaidmenis \u2013 <\/span><span class=\"_fadeIn_m1hgl_8\">nuo <\/span><span class=\"_fadeIn_m1hgl_8\">r\u016bpestingos <\/span><span class=\"_fadeIn_m1hgl_8\">\u017emonos <\/span><span class=\"_fadeIn_m1hgl_8\">iki <\/span><span class=\"_fadeIn_m1hgl_8\">ry\u017etingos <\/span><span class=\"_fadeIn_m1hgl_8\">vadov\u0117s.<\/span><\/p>\n<p data-start=\"633\" data-end=\"921\"><span class=\"_fadeIn_m1hgl_8\">Pagamintas <\/span><span class=\"_fadeIn_m1hgl_8\">i\u0161 <\/span><span class=\"_fadeIn_m1hgl_8\">kokybi\u0161ko, <\/span><span class=\"_fadeIn_m1hgl_8\">mink\u0161to <\/span><span class=\"_fadeIn_m1hgl_8\">audinio, <\/span><span class=\"_fadeIn_m1hgl_8\">d\u017eemperis <\/span><span class=\"_fadeIn_m1hgl_8\">ne <\/span><span class=\"_fadeIn_m1hgl_8\">tik <\/span><span class=\"_fadeIn_m1hgl_8\">atrodo <\/span><span class=\"_fadeIn_m1hgl_8\">stilingai, <\/span><span class=\"_fadeIn_m1hgl_8\">bet <\/span><span class=\"_fadeIn_m1hgl_8\">ir <\/span><span class=\"_fadeIn_m1hgl_8\">u\u017etikrina <\/span><span class=\"_fadeIn_m1hgl_8\">komfort\u0105 <\/span><span class=\"_fadeIn_m1hgl_8\">vis\u0105 <\/span><span class=\"_fadeIn_m1hgl_8\">dien\u0105. <\/span><span class=\"_fadeIn_m1hgl_8\">Universalus <\/span><span class=\"_fadeIn_m1hgl_8\">modelis <\/span><span class=\"_fadeIn_m1hgl_8\">tinka <\/span><span class=\"_fadeIn_m1hgl_8\">tiek <\/span><span class=\"_fadeIn_m1hgl_8\">prie <\/span><span class=\"_fadeIn_m1hgl_8\">d\u017eins\u0173, <\/span><span class=\"_fadeIn_m1hgl_8\">tiek <\/span><span class=\"_fadeIn_m1hgl_8\">prie <\/span><span class=\"_fadeIn_m1hgl_8\">sportinio <\/span><span class=\"_fadeIn_m1hgl_8\">ar <\/span><span class=\"_fadeIn_m1hgl_8\">laisvalaikio <\/span><span class=\"_fadeIn_m1hgl_8\">stiliaus <\/span><span class=\"_fadeIn_m1hgl_8\">aprangos. <\/span><span class=\"_fadeIn_m1hgl_8\">Tai <\/span><span class=\"_fadeIn_m1hgl_8\">puikus <\/span><span class=\"_fadeIn_m1hgl_8\">pasirinkimas <\/span><span class=\"_fadeIn_m1hgl_8\">dovanai <\/span><span class=\"_fadeIn_m1hgl_8\">sau <\/span><span class=\"_fadeIn_m1hgl_8\">arba <\/span><span class=\"_fadeIn_m1hgl_8\">ypatingai <\/span><span class=\"_fadeIn_m1hgl_8\">moteriai <\/span><span class=\"_fadeIn_m1hgl_8\">tavo <\/span><span class=\"_fadeIn_m1hgl_8\">gyvenime.<\/span><\/p>","protected":false},"excerpt":{"rendered":"<p><span class=\"_fadeIn_m1hgl_8\">Stilingas <\/span><span class=\"_fadeIn_m1hgl_8\">ir <\/span><span class=\"_fadeIn_m1hgl_8\">ry\u0161kus <\/span><span class=\"_fadeIn_m1hgl_8\">moteri\u0161kas <\/span><span class=\"_fadeIn_m1hgl_8\">d\u017eemperis \u201e<\/span><span class=\"_fadeIn_m1hgl_8\">Moteris, <\/span><span class=\"_fadeIn_m1hgl_8\">\u017emona, <\/span><span class=\"_fadeIn_m1hgl_8\">bos\u0117\u201c \u2013 <\/span><span class=\"_fadeIn_m1hgl_8\">tai <\/span><span class=\"_fadeIn_m1hgl_8\">ne <\/span><span class=\"_fadeIn_m1hgl_8\">tik <\/span><span class=\"_fadeIn_m1hgl_8\">drabu\u017eis, <\/span><span class=\"_fadeIn_m1hgl_8\">bet <\/span><span class=\"_fadeIn_m1hgl_8\">ir <\/span><span class=\"_fadeIn_m1hgl_8\">parei\u0161kimas. <\/span><span class=\"_fadeIn_m1hgl_8\">Puikiai <\/span><span class=\"_fadeIn_m1hgl_8\">tinka <\/span><span class=\"_fadeIn_m1hgl_8\">stiprioms, <\/span><span class=\"_fadeIn_m1hgl_8\">savimi <\/span><span class=\"_fadeIn_m1hgl_8\">pasitikin\u010dioms <\/span><span class=\"_fadeIn_m1hgl_8\">moterims.<\/span><\/p>\n<p data-start=\"960\" data-end=\"972\"><strong data-start=\"960\" data-end=\"972\"><span class=\"_fadeIn_m1hgl_8\">Savyb\u0117s:<\/span><\/strong><\/p>\n<ul data-start=\"973\" data-end=\"1177\">\n<li data-start=\"973\" data-end=\"1016\">\n<p data-start=\"975\" data-end=\"1016\"><span class=\"_fadeIn_m1hgl_8\">Med\u017eiaga:\u00a0<\/span><span class=\"_fadeIn_m1hgl_8\">80%\u00a0<\/span><span class=\"_fadeIn_m1hgl_8\">medviln\u0117,\u00a0<\/span><span class=\"_fadeIn_m1hgl_8\">20%\u00a0<\/span><span class=\"_fadeIn_m1hgl_8\">poliesteris<\/span><\/p>\n<\/li>\n<li data-start=\"1017\" data-end=\"1056\">\n<p data-start=\"1019\" data-end=\"1056\"><span class=\"_fadeIn_m1hgl_8\">Mink\u0161tas,\u00a0<\/span><span class=\"_fadeIn_m1hgl_8\">\u0161iltas\u00a0<\/span><span class=\"_fadeIn_m1hgl_8\">ir\u00a0<\/span><span class=\"_fadeIn_m1hgl_8\">malonus\u00a0<\/span><span class=\"_fadeIn_m1hgl_8\">audinys<\/span><\/p>\n<\/li>\n<li data-start=\"1057\" data-end=\"1110\">\n<p data-start=\"1059\" data-end=\"1110\"><span class=\"_fadeIn_m1hgl_8\">Auk\u0161tos\u00a0<\/span><span class=\"_fadeIn_m1hgl_8\">kokyb\u0117s\u00a0<\/span><span class=\"_fadeIn_m1hgl_8\">spauda\u00a0<\/span><\/p>\n<\/li>\n<li data-start=\"1111\" data-end=\"1142\">\n<p data-start=\"1113\" data-end=\"1142\"><span class=\"_fadeIn_m1hgl_8\">Tinkamas\u00a0<\/span><span class=\"_fadeIn_m1hgl_8\">dovanai\u00a0<\/span><span class=\"_fadeIn_m1hgl_8\">ar\u00a0<\/span><span class=\"_fadeIn_m1hgl_8\">\u0161ventei<\/span><\/p>\n<\/li>\n<li data-start=\"1143\" data-end=\"1177\">\n<p data-start=\"1145\" data-end=\"1177\"><span class=\"_fadeIn_m1hgl_8\">Galimi\u00a0<\/span><span class=\"_fadeIn_m1hgl_8\">keli\u00a0<\/span><span class=\"_fadeIn_m1hgl_8\">dyd\u017eiai\u00a0<\/span><span class=\"_fadeIn_m1hgl_8\">ir\u00a0<\/span><span class=\"_fadeIn_m1hgl_8\">spalvos<\/span><\/p>\n<\/li>\n<\/ul>","protected":false},"featured_media":5645,"comment_status":"open","ping_status":"closed","template":"","meta":[],"product_brand":[],"product_cat":[292,268,297],"product_tag":[],"class_list":{"0":"post-5628","1":"product","2":"type-product","3":"status-publish","4":"has-post-thumbnail","6":"product_cat-juokingi","7":"product_cat-marskineliai-ir-dzemperiai","8":"product_cat-moteriski","10":"first","11":"instock","12":"shipping-taxable","13":"purchasable","14":"product-type-variable"},"_links":{"self":[{"href":"https:\/\/dujukatiluservisas.lt\/en\/wp-json\/wp\/v2\/product\/5628","targetHints":{"allow":["GET"]}}],"collection":[{"href":"https:\/\/dujukatiluservisas.lt\/en\/wp-json\/wp\/v2\/product"}],"about":[{"href":"https:\/\/dujukatiluservisas.lt\/en\/wp-json\/wp\/v2\/types\/product"}],"replies":[{"embeddable":true,"href":"https:\/\/dujukatiluservisas.lt\/en\/wp-json\/wp\/v2\/comments?post=5628"}],"wp:featuredmedia":[{"embeddable":true,"href":"https:\/\/dujukatiluservisas.lt\/en\/wp-json\/wp\/v2\/media\/5645"}],"wp:attachment":[{"href":"https:\/\/dujukatiluservisas.lt\/en\/wp-json\/wp\/v2\/media?parent=5628"}],"wp:term":[{"taxonomy":"product_brand","embeddable":true,"href":"https:\/\/dujukatiluservisas.lt\/en\/wp-json\/wp\/v2\/product_brand?post=5628"},{"taxonomy":"product_cat","embeddable":true,"href":"https:\/\/dujukatiluservisas.lt\/en\/wp-json\/wp\/v2\/product_cat?post=5628"},{"taxonomy":"product_tag","embeddable":true,"href":"https:\/\/dujukatiluservisas.lt\/en\/wp-json\/wp\/v2\/product_tag?post=5628"}],"curies":[{"name":"wp","href":"https:\/\/api.w.org\/{rel}","templated":true}]}}