{"id":5574,"date":"2026-03-13T09:12:36","date_gmt":"2026-03-13T09:12:36","guid":{"rendered":"https:\/\/dujukatiluservisas.lt\/?post_type=product&#038;p=5574"},"modified":"2026-03-13T09:12:41","modified_gmt":"2026-03-13T09:12:41","slug":"moteriskas-dzemperis-gimtadienio-karaliene","status":"publish","type":"product","link":"https:\/\/dujukatiluservisas.lt\/en\/product-category\/moteriskas-dzemperis-gimtadienio-karaliene\/","title":{"rendered":"Moteri\u0161kas d\u017eemperis &#8222;Gimtadienio karalien\u0117&#8221;"},"content":{"rendered":"<p data-start=\"377\" data-end=\"685\"><span class=\"_fadeIn_m1hgl_8\">Pasitik <\/span><span class=\"_fadeIn_m1hgl_8\">savo <\/span><span class=\"_fadeIn_m1hgl_8\">ypating\u0105 <\/span><span class=\"_fadeIn_m1hgl_8\">dien\u0105 <\/span><span class=\"_fadeIn_m1hgl_8\">su <\/span><span class=\"_fadeIn_m1hgl_8\">stiliumi <\/span><span class=\"_fadeIn_m1hgl_8\">ir <\/span><span class=\"_fadeIn_m1hgl_8\">nuotaika! <\/span><span class=\"_fadeIn_m1hgl_8\">Moteri\u0161kas <\/span><span class=\"_fadeIn_m1hgl_8\">d\u017eemperis <\/span><strong data-start=\"451\" data-end=\"478\"><span class=\"_fadeIn_m1hgl_8\">\u201e<\/span><span class=\"_fadeIn_m1hgl_8\">Gimtadienio <\/span><span class=\"_fadeIn_m1hgl_8\">karalien\u0117\u201c<\/span><\/strong><span class=\"_fadeIn_m1hgl_8\"> \u2013 <\/span><span class=\"_fadeIn_m1hgl_8\">tai <\/span><span class=\"_fadeIn_m1hgl_8\">ne <\/span><span class=\"_fadeIn_m1hgl_8\">tik <\/span><span class=\"_fadeIn_m1hgl_8\">patogus <\/span><span class=\"_fadeIn_m1hgl_8\">drabu\u017eis, <\/span><span class=\"_fadeIn_m1hgl_8\">bet <\/span><span class=\"_fadeIn_m1hgl_8\">ir <\/span><span class=\"_fadeIn_m1hgl_8\">\u0161ventinis <\/span><span class=\"_fadeIn_m1hgl_8\">akcentas, <\/span><span class=\"_fadeIn_m1hgl_8\">kuris <\/span><span class=\"_fadeIn_m1hgl_8\">leis <\/span><span class=\"_fadeIn_m1hgl_8\">tau <\/span><span class=\"_fadeIn_m1hgl_8\">spind\u0117ti <\/span><span class=\"_fadeIn_m1hgl_8\">d\u0117mesio <\/span><span class=\"_fadeIn_m1hgl_8\">centre. <\/span><span class=\"_fadeIn_m1hgl_8\">\u0160is <\/span><span class=\"_fadeIn_m1hgl_8\">d\u017eemperis <\/span><span class=\"_fadeIn_m1hgl_8\">pagamintas <\/span><span class=\"_fadeIn_m1hgl_8\">i\u0161 <\/span><span class=\"_fadeIn_m1hgl_8\">mink\u0161to, <\/span><span class=\"_fadeIn_m1hgl_8\">\u0161ilto <\/span><span class=\"_fadeIn_m1hgl_8\">ir <\/span><span class=\"_fadeIn_m1hgl_8\">kokybi\u0161ko <\/span><span class=\"_fadeIn_m1hgl_8\">audinio, <\/span><span class=\"_fadeIn_m1hgl_8\">tod\u0117l <\/span><span class=\"_fadeIn_m1hgl_8\">u\u017etikrins <\/span><span class=\"_fadeIn_m1hgl_8\">komfort\u0105 <\/span><span class=\"_fadeIn_m1hgl_8\">visos <\/span><span class=\"_fadeIn_m1hgl_8\">dienos <\/span><span class=\"_fadeIn_m1hgl_8\">metu.<\/span><\/p>\n<p data-start=\"687\" data-end=\"913\"><span class=\"_fadeIn_m1hgl_8\">Universalus <\/span><span class=\"_fadeIn_m1hgl_8\">kirpimas <\/span><span class=\"_fadeIn_m1hgl_8\">tinka <\/span><span class=\"_fadeIn_m1hgl_8\">\u012fvairioms <\/span><span class=\"_fadeIn_m1hgl_8\">fig\u016broms, <\/span><span class=\"_fadeIn_m1hgl_8\">o <\/span><span class=\"_fadeIn_m1hgl_8\">eleganti\u0161kas <\/span><span class=\"_fadeIn_m1hgl_8\">u\u017era\u0161as <\/span><span class=\"_fadeIn_m1hgl_8\">suteikia <\/span><span class=\"_fadeIn_m1hgl_8\">\u0161maik\u0161tumo <\/span><span class=\"_fadeIn_m1hgl_8\">ir <\/span><span class=\"_fadeIn_m1hgl_8\">i\u0161skirtinumo. <\/span><span class=\"_fadeIn_m1hgl_8\">Tai <\/span><span class=\"_fadeIn_m1hgl_8\">puikus <\/span><span class=\"_fadeIn_m1hgl_8\">pasirinkimas <\/span><span class=\"_fadeIn_m1hgl_8\">ne <\/span><span class=\"_fadeIn_m1hgl_8\">tik <\/span><span class=\"_fadeIn_m1hgl_8\">gimtadienio <\/span><span class=\"_fadeIn_m1hgl_8\">\u0161ventei, <\/span><span class=\"_fadeIn_m1hgl_8\">bet <\/span><span class=\"_fadeIn_m1hgl_8\">ir <\/span><span class=\"_fadeIn_m1hgl_8\">kaip <\/span><span class=\"_fadeIn_m1hgl_8\">miela, <\/span><span class=\"_fadeIn_m1hgl_8\">personalizuota <\/span><span class=\"_fadeIn_m1hgl_8\">dovana <\/span><span class=\"_fadeIn_m1hgl_8\">draugei, <\/span><span class=\"_fadeIn_m1hgl_8\">sesei <\/span><span class=\"_fadeIn_m1hgl_8\">ar <\/span><span class=\"_fadeIn_m1hgl_8\">kolegei.<\/span><\/p>","protected":false},"excerpt":{"rendered":"<p data-start=\"960\" data-end=\"972\"><span class=\"_fadeIn_m1hgl_8\">\u0160iltas <\/span><span class=\"_fadeIn_m1hgl_8\">ir <\/span><span class=\"_fadeIn_m1hgl_8\">stilingas <\/span><span class=\"_fadeIn_m1hgl_8\">moteri\u0161kas <\/span><span class=\"_fadeIn_m1hgl_8\">d\u017eemperis <\/span><span class=\"_fadeIn_m1hgl_8\">su <\/span><span class=\"_fadeIn_m1hgl_8\">u\u017era\u0161u <\/span><strong data-start=\"240\" data-end=\"267\"><span class=\"_fadeIn_m1hgl_8\">\u201e<\/span><span class=\"_fadeIn_m1hgl_8\">Gimtadienio <\/span><span class=\"_fadeIn_m1hgl_8\">karalien\u0117\u201c<\/span><\/strong><span class=\"_fadeIn_m1hgl_8\"> \u2013 <\/span><span class=\"_fadeIn_m1hgl_8\">tobulas <\/span><span class=\"_fadeIn_m1hgl_8\">pasirinkimas <\/span><span class=\"_fadeIn_m1hgl_8\">ypatingai <\/span><span class=\"_fadeIn_m1hgl_8\">dienai! <\/span><span class=\"_fadeIn_m1hgl_8\">Puikiai <\/span><span class=\"_fadeIn_m1hgl_8\">tinka <\/span><span class=\"_fadeIn_m1hgl_8\">\u0161ventei <\/span><span class=\"_fadeIn_m1hgl_8\">ar <\/span><span class=\"_fadeIn_m1hgl_8\">dovanai.<\/span><\/p>\n<p data-start=\"960\" data-end=\"972\"><strong data-start=\"960\" data-end=\"972\"><span class=\"_fadeIn_m1hgl_8\">Savyb\u0117s:<\/span><\/strong><\/p>\n<ul data-start=\"973\" data-end=\"1177\">\n<li data-start=\"973\" data-end=\"1016\">\n<p data-start=\"975\" data-end=\"1016\"><span class=\"_fadeIn_m1hgl_8\">Med\u017eiaga:\u00a0<\/span><span class=\"_fadeIn_m1hgl_8\">80%\u00a0<\/span><span class=\"_fadeIn_m1hgl_8\">medviln\u0117,\u00a0<\/span><span class=\"_fadeIn_m1hgl_8\">20%\u00a0<\/span><span class=\"_fadeIn_m1hgl_8\">poliesteris<\/span><\/p>\n<\/li>\n<li data-start=\"1017\" data-end=\"1056\">\n<p data-start=\"1019\" data-end=\"1056\"><span class=\"_fadeIn_m1hgl_8\">Mink\u0161tas,\u00a0<\/span><span class=\"_fadeIn_m1hgl_8\">\u0161iltas\u00a0<\/span><span class=\"_fadeIn_m1hgl_8\">ir\u00a0<\/span><span class=\"_fadeIn_m1hgl_8\">malonus\u00a0<\/span><span class=\"_fadeIn_m1hgl_8\">audinys<\/span><\/p>\n<\/li>\n<li data-start=\"1057\" data-end=\"1110\">\n<p data-start=\"1059\" data-end=\"1110\"><span class=\"_fadeIn_m1hgl_8\">Auk\u0161tos\u00a0<\/span><span class=\"_fadeIn_m1hgl_8\">kokyb\u0117s\u00a0<\/span><span class=\"_fadeIn_m1hgl_8\">spauda\u00a0<\/span><\/p>\n<\/li>\n<li data-start=\"1111\" data-end=\"1142\">\n<p data-start=\"1113\" data-end=\"1142\"><span class=\"_fadeIn_m1hgl_8\">Tinkamas\u00a0<\/span><span class=\"_fadeIn_m1hgl_8\">dovanai\u00a0<\/span><span class=\"_fadeIn_m1hgl_8\">ar\u00a0<\/span><span class=\"_fadeIn_m1hgl_8\">\u0161ventei<\/span><\/p>\n<\/li>\n<li data-start=\"1143\" data-end=\"1177\">\n<p data-start=\"1145\" data-end=\"1177\"><span class=\"_fadeIn_m1hgl_8\">Galimi\u00a0<\/span><span class=\"_fadeIn_m1hgl_8\">keli\u00a0<\/span><span class=\"_fadeIn_m1hgl_8\">dyd\u017eiai\u00a0<\/span><span class=\"_fadeIn_m1hgl_8\">ir\u00a0<\/span><span class=\"_fadeIn_m1hgl_8\">spalvos<\/span><\/p>\n<\/li>\n<\/ul>","protected":false},"featured_media":5583,"comment_status":"open","ping_status":"closed","template":"","meta":[],"product_brand":[],"product_cat":[317,292,268,297],"product_tag":[],"class_list":{"0":"post-5574","1":"product","2":"type-product","3":"status-publish","4":"has-post-thumbnail","6":"product_cat-gimtadieniai","7":"product_cat-juokingi","8":"product_cat-marskineliai-ir-dzemperiai","9":"product_cat-moteriski","11":"first","12":"instock","13":"shipping-taxable","14":"purchasable","15":"product-type-variable"},"_links":{"self":[{"href":"https:\/\/dujukatiluservisas.lt\/en\/wp-json\/wp\/v2\/product\/5574","targetHints":{"allow":["GET"]}}],"collection":[{"href":"https:\/\/dujukatiluservisas.lt\/en\/wp-json\/wp\/v2\/product"}],"about":[{"href":"https:\/\/dujukatiluservisas.lt\/en\/wp-json\/wp\/v2\/types\/product"}],"replies":[{"embeddable":true,"href":"https:\/\/dujukatiluservisas.lt\/en\/wp-json\/wp\/v2\/comments?post=5574"}],"wp:featuredmedia":[{"embeddable":true,"href":"https:\/\/dujukatiluservisas.lt\/en\/wp-json\/wp\/v2\/media\/5583"}],"wp:attachment":[{"href":"https:\/\/dujukatiluservisas.lt\/en\/wp-json\/wp\/v2\/media?parent=5574"}],"wp:term":[{"taxonomy":"product_brand","embeddable":true,"href":"https:\/\/dujukatiluservisas.lt\/en\/wp-json\/wp\/v2\/product_brand?post=5574"},{"taxonomy":"product_cat","embeddable":true,"href":"https:\/\/dujukatiluservisas.lt\/en\/wp-json\/wp\/v2\/product_cat?post=5574"},{"taxonomy":"product_tag","embeddable":true,"href":"https:\/\/dujukatiluservisas.lt\/en\/wp-json\/wp\/v2\/product_tag?post=5574"}],"curies":[{"name":"wp","href":"https:\/\/api.w.org\/{rel}","templated":true}]}}