{"id":5547,"date":"2026-03-13T09:12:33","date_gmt":"2026-03-13T09:12:33","guid":{"rendered":"https:\/\/dujukatiluservisas.lt\/?post_type=product&#038;p=5547"},"modified":"2026-03-13T09:12:38","modified_gmt":"2026-03-13T09:12:38","slug":"moteriskas-dzemperis-sauniausia-pasaulyje-zmona","status":"publish","type":"product","link":"https:\/\/dujukatiluservisas.lt\/en\/product-category\/moteriskas-dzemperis-sauniausia-pasaulyje-zmona\/","title":{"rendered":"Moteri\u0161kas d\u017eemperis &#8222;\u0160auniausia pasaulyje \u017emona&#8221;"},"content":{"rendered":"<p data-start=\"349\" data-end=\"618\"><span class=\"_fadeIn_m1hgl_8\">Ie\u0161kai <\/span><span class=\"_fadeIn_m1hgl_8\">dovanos, <\/span><span class=\"_fadeIn_m1hgl_8\">kuri <\/span><span class=\"_fadeIn_m1hgl_8\">ne <\/span><span class=\"_fadeIn_m1hgl_8\">tik <\/span><span class=\"_fadeIn_m1hgl_8\">su\u0161ildyt\u0173, <\/span><span class=\"_fadeIn_m1hgl_8\">bet <\/span><span class=\"_fadeIn_m1hgl_8\">ir <\/span><span class=\"_fadeIn_m1hgl_8\">priverst\u0173 <\/span><span class=\"_fadeIn_m1hgl_8\">nusi\u0161ypsoti? <\/span><span class=\"_fadeIn_m1hgl_8\">\u0160is <\/span><strong data-start=\"422\" data-end=\"485\"><span class=\"_fadeIn_m1hgl_8\">moteri\u0161kas <\/span><span class=\"_fadeIn_m1hgl_8\">d\u017eemperis <\/span><span class=\"_fadeIn_m1hgl_8\">su <\/span><span class=\"_fadeIn_m1hgl_8\">u\u017era\u0161u \u201e<\/span><span class=\"_fadeIn_m1hgl_8\">\u0160auniausia <\/span><span class=\"_fadeIn_m1hgl_8\">pasaulyje <\/span><span class=\"_fadeIn_m1hgl_8\">\u017emona\u201c<\/span><\/strong><span class=\"_fadeIn_m1hgl_8\"> \u2013 <\/span><span class=\"_fadeIn_m1hgl_8\">tai <\/span><span class=\"_fadeIn_m1hgl_8\">puikus <\/span><span class=\"_fadeIn_m1hgl_8\">b\u016bdas <\/span><span class=\"_fadeIn_m1hgl_8\">parodyti <\/span><span class=\"_fadeIn_m1hgl_8\">d\u0117mes\u012f, <\/span><span class=\"_fadeIn_m1hgl_8\">meil\u0119 <\/span><span class=\"_fadeIn_m1hgl_8\">ir <\/span><span class=\"_fadeIn_m1hgl_8\">\u012fvertinim\u0105. <\/span><span class=\"_fadeIn_m1hgl_8\">Jis <\/span><span class=\"_fadeIn_m1hgl_8\">puikiai <\/span><span class=\"_fadeIn_m1hgl_8\">tinka <\/span><span class=\"_fadeIn_m1hgl_8\">tiek <\/span><span class=\"_fadeIn_m1hgl_8\">kasdieniam <\/span><span class=\"_fadeIn_m1hgl_8\">ne\u0161iojimui, <\/span><span class=\"_fadeIn_m1hgl_8\">tiek <\/span><span class=\"_fadeIn_m1hgl_8\">jaukiam <\/span><span class=\"_fadeIn_m1hgl_8\">vakarui <\/span><span class=\"_fadeIn_m1hgl_8\">namuose.<\/span><\/p>\n<p data-start=\"620\" data-end=\"888\"><span class=\"_fadeIn_m1hgl_8\">D\u017eemperis <\/span><span class=\"_fadeIn_m1hgl_8\">pagamintas <\/span><span class=\"_fadeIn_m1hgl_8\">i\u0161 <\/span><span class=\"_fadeIn_m1hgl_8\">\u0161velnaus, <\/span><span class=\"_fadeIn_m1hgl_8\">auk\u0161tos <\/span><span class=\"_fadeIn_m1hgl_8\">kokyb\u0117s <\/span><span class=\"_fadeIn_m1hgl_8\">medviln\u0117s <\/span><span class=\"_fadeIn_m1hgl_8\">ir <\/span><span class=\"_fadeIn_m1hgl_8\">poliesterio <\/span><span class=\"_fadeIn_m1hgl_8\">mi\u0161inio, <\/span><span class=\"_fadeIn_m1hgl_8\">kuris <\/span><span class=\"_fadeIn_m1hgl_8\">u\u017etikrina <\/span><span class=\"_fadeIn_m1hgl_8\">\u0161ilum\u0105, <\/span><span class=\"_fadeIn_m1hgl_8\">komfort\u0105 <\/span><span class=\"_fadeIn_m1hgl_8\">ir <\/span><span class=\"_fadeIn_m1hgl_8\">ilgaam\u017ei\u0161kum\u0105. <\/span><span class=\"_fadeIn_m1hgl_8\">Klasikinis <\/span><span class=\"_fadeIn_m1hgl_8\">kirpimas <\/span><span class=\"_fadeIn_m1hgl_8\">leid\u017eia <\/span><span class=\"_fadeIn_m1hgl_8\">patogiai <\/span><span class=\"_fadeIn_m1hgl_8\">jaustis <\/span><span class=\"_fadeIn_m1hgl_8\">bet <\/span><span class=\"_fadeIn_m1hgl_8\">kokioje <\/span><span class=\"_fadeIn_m1hgl_8\">situacijoje, <\/span><span class=\"_fadeIn_m1hgl_8\">o <\/span><span class=\"_fadeIn_m1hgl_8\">u\u017era\u0161as <\/span><span class=\"_fadeIn_m1hgl_8\">i\u0161siskiria <\/span><span class=\"_fadeIn_m1hgl_8\">ir <\/span><span class=\"_fadeIn_m1hgl_8\">suteikia <\/span><span class=\"_fadeIn_m1hgl_8\">\u017eaismingumo <\/span><span class=\"_fadeIn_m1hgl_8\">bei <\/span><span class=\"_fadeIn_m1hgl_8\">individualumo.<\/span><\/p>\n<p data-start=\"890\" data-end=\"997\"><span class=\"_fadeIn_m1hgl_8\">Tai <\/span><span class=\"_fadeIn_m1hgl_8\">puikus <\/span><span class=\"_fadeIn_m1hgl_8\">pasirinkimas <\/span><span class=\"_fadeIn_m1hgl_8\">gimtadieniui, <\/span><span class=\"_fadeIn_m1hgl_8\">sukak\u010diai <\/span><span class=\"_fadeIn_m1hgl_8\">ar <\/span><span class=\"_fadeIn_m1hgl_8\">tiesiog <\/span><span class=\"_fadeIn_m1hgl_8\">norint <\/span><span class=\"_fadeIn_m1hgl_8\">nustebinti <\/span><span class=\"_fadeIn_m1hgl_8\">ypating\u0105 <\/span><span class=\"_fadeIn_m1hgl_8\">moter\u012f <\/span><span class=\"_fadeIn_m1hgl_8\">savo <\/span><span class=\"_fadeIn_m1hgl_8\">gyvenime!<\/span><\/p>","protected":false},"excerpt":{"rendered":"<p data-start=\"960\" data-end=\"972\"><span class=\"_fadeIn_m1hgl_8\">Stilingas <\/span><span class=\"_fadeIn_m1hgl_8\">ir <\/span><span class=\"_fadeIn_m1hgl_8\">jaukus <\/span><span class=\"_fadeIn_m1hgl_8\">moteri\u0161kas <\/span><span class=\"_fadeIn_m1hgl_8\">d\u017eemperis <\/span><span class=\"_fadeIn_m1hgl_8\">su <\/span><span class=\"_fadeIn_m1hgl_8\">u\u017era\u0161u <\/span><strong data-start=\"191\" data-end=\"223\"><span class=\"_fadeIn_m1hgl_8\">\u201e<\/span><span class=\"_fadeIn_m1hgl_8\">\u0160auniausia <\/span><span class=\"_fadeIn_m1hgl_8\">pasaulyje <\/span><span class=\"_fadeIn_m1hgl_8\">\u017emona\u201c<\/span><\/strong><span class=\"_fadeIn_m1hgl_8\"> \u2013 <\/span><span class=\"_fadeIn_m1hgl_8\">puiki <\/span><span class=\"_fadeIn_m1hgl_8\">dovana <\/span><span class=\"_fadeIn_m1hgl_8\">mylimai <\/span><span class=\"_fadeIn_m1hgl_8\">\u017emonai <\/span><span class=\"_fadeIn_m1hgl_8\">ar <\/span><span class=\"_fadeIn_m1hgl_8\">sau. <\/span><span class=\"_fadeIn_m1hgl_8\">Komfortas, <\/span><span class=\"_fadeIn_m1hgl_8\">\u0161iluma <\/span><span class=\"_fadeIn_m1hgl_8\">ir <\/span><span class=\"_fadeIn_m1hgl_8\">i\u0161skirtinis <\/span><span class=\"_fadeIn_m1hgl_8\">dizainas <\/span><span class=\"_fadeIn_m1hgl_8\">kasdienai.<\/span><\/p>\n<p data-start=\"960\" data-end=\"972\"><strong data-start=\"960\" data-end=\"972\"><span class=\"_fadeIn_m1hgl_8\">Savyb\u0117s:<\/span><\/strong><\/p>\n<ul data-start=\"973\" data-end=\"1177\">\n<li data-start=\"973\" data-end=\"1016\">\n<p data-start=\"975\" data-end=\"1016\"><span class=\"_fadeIn_m1hgl_8\">Med\u017eiaga:\u00a0<\/span><span class=\"_fadeIn_m1hgl_8\">80%\u00a0<\/span><span class=\"_fadeIn_m1hgl_8\">medviln\u0117,\u00a0<\/span><span class=\"_fadeIn_m1hgl_8\">20%\u00a0<\/span><span class=\"_fadeIn_m1hgl_8\">poliesteris<\/span><\/p>\n<\/li>\n<li data-start=\"1017\" data-end=\"1056\">\n<p data-start=\"1019\" data-end=\"1056\"><span class=\"_fadeIn_m1hgl_8\">Mink\u0161tas,\u00a0<\/span><span class=\"_fadeIn_m1hgl_8\">\u0161iltas\u00a0<\/span><span class=\"_fadeIn_m1hgl_8\">ir\u00a0<\/span><span class=\"_fadeIn_m1hgl_8\">malonus\u00a0<\/span><span class=\"_fadeIn_m1hgl_8\">audinys<\/span><\/p>\n<\/li>\n<li data-start=\"1057\" data-end=\"1110\">\n<p data-start=\"1059\" data-end=\"1110\"><span class=\"_fadeIn_m1hgl_8\">Auk\u0161tos\u00a0<\/span><span class=\"_fadeIn_m1hgl_8\">kokyb\u0117s\u00a0<\/span><span class=\"_fadeIn_m1hgl_8\">spauda\u00a0<\/span><\/p>\n<\/li>\n<li data-start=\"1111\" data-end=\"1142\">\n<p data-start=\"1113\" data-end=\"1142\"><span class=\"_fadeIn_m1hgl_8\">Tinkamas\u00a0<\/span><span class=\"_fadeIn_m1hgl_8\">dovanai\u00a0<\/span><span class=\"_fadeIn_m1hgl_8\">ar\u00a0<\/span><span class=\"_fadeIn_m1hgl_8\">\u0161ventei<\/span><\/p>\n<\/li>\n<li data-start=\"1143\" data-end=\"1177\">\n<p data-start=\"1145\" data-end=\"1177\"><span class=\"_fadeIn_m1hgl_8\">Galimi\u00a0<\/span><span class=\"_fadeIn_m1hgl_8\">keli\u00a0<\/span><span class=\"_fadeIn_m1hgl_8\">dyd\u017eiai\u00a0<\/span><span class=\"_fadeIn_m1hgl_8\">ir\u00a0<\/span><span class=\"_fadeIn_m1hgl_8\">spalvos<\/span><\/p>\n<\/li>\n<\/ul>","protected":false},"featured_media":5552,"comment_status":"open","ping_status":"closed","template":"","meta":[],"product_brand":[],"product_cat":[292,268,297],"product_tag":[],"class_list":{"0":"post-5547","1":"product","2":"type-product","3":"status-publish","4":"has-post-thumbnail","6":"product_cat-juokingi","7":"product_cat-marskineliai-ir-dzemperiai","8":"product_cat-moteriski","10":"first","11":"instock","12":"shipping-taxable","13":"purchasable","14":"product-type-variable"},"_links":{"self":[{"href":"https:\/\/dujukatiluservisas.lt\/en\/wp-json\/wp\/v2\/product\/5547","targetHints":{"allow":["GET"]}}],"collection":[{"href":"https:\/\/dujukatiluservisas.lt\/en\/wp-json\/wp\/v2\/product"}],"about":[{"href":"https:\/\/dujukatiluservisas.lt\/en\/wp-json\/wp\/v2\/types\/product"}],"replies":[{"embeddable":true,"href":"https:\/\/dujukatiluservisas.lt\/en\/wp-json\/wp\/v2\/comments?post=5547"}],"wp:featuredmedia":[{"embeddable":true,"href":"https:\/\/dujukatiluservisas.lt\/en\/wp-json\/wp\/v2\/media\/5552"}],"wp:attachment":[{"href":"https:\/\/dujukatiluservisas.lt\/en\/wp-json\/wp\/v2\/media?parent=5547"}],"wp:term":[{"taxonomy":"product_brand","embeddable":true,"href":"https:\/\/dujukatiluservisas.lt\/en\/wp-json\/wp\/v2\/product_brand?post=5547"},{"taxonomy":"product_cat","embeddable":true,"href":"https:\/\/dujukatiluservisas.lt\/en\/wp-json\/wp\/v2\/product_cat?post=5547"},{"taxonomy":"product_tag","embeddable":true,"href":"https:\/\/dujukatiluservisas.lt\/en\/wp-json\/wp\/v2\/product_tag?post=5547"}],"curies":[{"name":"wp","href":"https:\/\/api.w.org\/{rel}","templated":true}]}}