{"id":5520,"date":"2026-03-13T09:12:30","date_gmt":"2026-03-13T09:12:30","guid":{"rendered":"https:\/\/dujukatiluservisas.lt\/?post_type=product&#038;p=5520"},"modified":"2026-03-13T09:12:34","modified_gmt":"2026-03-13T09:12:34","slug":"moteriskas-dzemperis-joniniu-karaliene-janina","status":"publish","type":"product","link":"https:\/\/dujukatiluservisas.lt\/en\/product-category\/moteriskas-dzemperis-joniniu-karaliene-janina\/","title":{"rendered":"Moteri\u0161kas d\u017eemperis &#8222;Jonini\u0173 karalien\u0117 Janina&#8221;"},"content":{"rendered":"<p data-start=\"417\" data-end=\"674\"><span class=\"_fadeIn_m1hgl_8\">Pasitik <\/span><span class=\"_fadeIn_m1hgl_8\">Jonines <\/span><span class=\"_fadeIn_m1hgl_8\">su <\/span><span class=\"_fadeIn_m1hgl_8\">stiliumi <\/span><span class=\"_fadeIn_m1hgl_8\">ir <\/span><span class=\"_fadeIn_m1hgl_8\">\u0161ypsena \u2013 <\/span><strong data-start=\"458\" data-end=\"509\"><span class=\"_fadeIn_m1hgl_8\">moteri\u0161kas <\/span><span class=\"_fadeIn_m1hgl_8\">d\u017eemperis \u201e<\/span><span class=\"_fadeIn_m1hgl_8\">Jonini\u0173 <\/span><span class=\"_fadeIn_m1hgl_8\">karalien\u0117 <\/span><span class=\"_fadeIn_m1hgl_8\">Janina\u201c<\/span><\/strong> <span class=\"_fadeIn_m1hgl_8\">sukurtas <\/span><span class=\"_fadeIn_m1hgl_8\">specialiai <\/span><span class=\"_fadeIn_m1hgl_8\">\u0161iai <\/span><span class=\"_fadeIn_m1hgl_8\">\u0161ventei <\/span><span class=\"_fadeIn_m1hgl_8\">ir <\/span><span class=\"_fadeIn_m1hgl_8\">visoms <\/span><span class=\"_fadeIn_m1hgl_8\">Janinoms, <\/span><span class=\"_fadeIn_m1hgl_8\">kurios <\/span><span class=\"_fadeIn_m1hgl_8\">nori <\/span><span class=\"_fadeIn_m1hgl_8\">b\u016bti <\/span><span class=\"_fadeIn_m1hgl_8\">d\u0117mesio <\/span><span class=\"_fadeIn_m1hgl_8\">centre! <\/span><span class=\"_fadeIn_m1hgl_8\">Tai <\/span><span class=\"_fadeIn_m1hgl_8\">puiki <\/span><span class=\"_fadeIn_m1hgl_8\">dovana <\/span><span class=\"_fadeIn_m1hgl_8\">vardadienio <\/span><span class=\"_fadeIn_m1hgl_8\">proga <\/span><span class=\"_fadeIn_m1hgl_8\">arba <\/span><span class=\"_fadeIn_m1hgl_8\">\u0161ventinis <\/span><span class=\"_fadeIn_m1hgl_8\">akcentas <\/span><span class=\"_fadeIn_m1hgl_8\">Jonini\u0173 <\/span><span class=\"_fadeIn_m1hgl_8\">vakar\u0117liui.<\/span><\/p>\n<p data-start=\"676\" data-end=\"958\"><span class=\"_fadeIn_m1hgl_8\">Pagamintas <\/span><span class=\"_fadeIn_m1hgl_8\">i\u0161 <\/span><span class=\"_fadeIn_m1hgl_8\">mink\u0161to, <\/span><span class=\"_fadeIn_m1hgl_8\">\u0161ilto <\/span><span class=\"_fadeIn_m1hgl_8\">ir <\/span><span class=\"_fadeIn_m1hgl_8\">orui <\/span><span class=\"_fadeIn_m1hgl_8\">pralaidaus <\/span><span class=\"_fadeIn_m1hgl_8\">audinio, <\/span><span class=\"_fadeIn_m1hgl_8\">\u0161is <\/span><span class=\"_fadeIn_m1hgl_8\">d\u017eemperis <\/span><span class=\"_fadeIn_m1hgl_8\">garantuos <\/span><span class=\"_fadeIn_m1hgl_8\">ne <\/span><span class=\"_fadeIn_m1hgl_8\">tik <\/span><span class=\"_fadeIn_m1hgl_8\">i\u0161skirtin\u012f <\/span><span class=\"_fadeIn_m1hgl_8\">\u012fvaizd\u012f, <\/span><span class=\"_fadeIn_m1hgl_8\">bet <\/span><span class=\"_fadeIn_m1hgl_8\">ir <\/span><span class=\"_fadeIn_m1hgl_8\">komfort\u0105 <\/span><span class=\"_fadeIn_m1hgl_8\">v\u0117sesn\u0117mis <\/span><span class=\"_fadeIn_m1hgl_8\">vasaros <\/span><span class=\"_fadeIn_m1hgl_8\">naktimis. <\/span><span class=\"_fadeIn_m1hgl_8\">Auk\u0161tos <\/span><span class=\"_fadeIn_m1hgl_8\">kokyb\u0117s <\/span><span class=\"_fadeIn_m1hgl_8\">spauda <\/span><span class=\"_fadeIn_m1hgl_8\">i\u0161lieka <\/span><span class=\"_fadeIn_m1hgl_8\">ry\u0161ki <\/span><span class=\"_fadeIn_m1hgl_8\">net <\/span><span class=\"_fadeIn_m1hgl_8\">po <\/span><span class=\"_fadeIn_m1hgl_8\">daugelio <\/span><span class=\"_fadeIn_m1hgl_8\">skalbim\u0173, <\/span><span class=\"_fadeIn_m1hgl_8\">o <\/span><span class=\"_fadeIn_m1hgl_8\">universalus <\/span><span class=\"_fadeIn_m1hgl_8\">kirpimas <\/span><span class=\"_fadeIn_m1hgl_8\">tinka <\/span><span class=\"_fadeIn_m1hgl_8\">tiek <\/span><span class=\"_fadeIn_m1hgl_8\">kasdienai, <\/span><span class=\"_fadeIn_m1hgl_8\">tiek <\/span><span class=\"_fadeIn_m1hgl_8\">\u0161ventei <\/span><span class=\"_fadeIn_m1hgl_8\">gamtoje. <\/span><\/p>\n<p data-start=\"676\" data-end=\"958\"><span class=\"_fadeIn_m1hgl_8\">Tegul \u0161ios Jonin\u0117s b\u016bna ypatingos \u2013 pasipuo\u0161k karali\u0161kai arba prad\u017eiugink Janin\u0105 unikaliu d\u017eemperiu!<\/span><\/p>","protected":false},"excerpt":{"rendered":"<p data-start=\"233\" data-end=\"382\"><span class=\"_fadeIn_m1hgl_8\">Linksmas <\/span><span class=\"_fadeIn_m1hgl_8\">ir <\/span><span class=\"_fadeIn_m1hgl_8\">stilingas <\/span><span class=\"_fadeIn_m1hgl_8\">moteri\u0161kas <\/span><span class=\"_fadeIn_m1hgl_8\">d\u017eemperis \u201e<\/span><span class=\"_fadeIn_m1hgl_8\">Jonini\u0173 <\/span><span class=\"_fadeIn_m1hgl_8\">karalien\u0117 <\/span><span class=\"_fadeIn_m1hgl_8\">Janina\u201c \u2013 <\/span><span class=\"_fadeIn_m1hgl_8\">puikus <\/span><span class=\"_fadeIn_m1hgl_8\">pasirinkimas <\/span><span class=\"_fadeIn_m1hgl_8\">Jonini\u0173 <\/span><span class=\"_fadeIn_m1hgl_8\">\u0161ventei <\/span><span class=\"_fadeIn_m1hgl_8\">ar <\/span><span class=\"_fadeIn_m1hgl_8\">i\u0161skirtinei <\/span><span class=\"_fadeIn_m1hgl_8\">dovanai <\/span><span class=\"_fadeIn_m1hgl_8\">vardadienio <\/span><span class=\"_fadeIn_m1hgl_8\">proga!<\/span><\/p>\n<p data-start=\"960\" data-end=\"972\"><strong data-start=\"960\" data-end=\"972\"><span class=\"_fadeIn_m1hgl_8\">Savyb\u0117s:<\/span><\/strong><\/p>\n<ul data-start=\"973\" data-end=\"1177\">\n<li data-start=\"973\" data-end=\"1016\">\n<p data-start=\"975\" data-end=\"1016\"><span class=\"_fadeIn_m1hgl_8\">Med\u017eiaga: <\/span><span class=\"_fadeIn_m1hgl_8\">80% <\/span><span class=\"_fadeIn_m1hgl_8\">medviln\u0117, <\/span><span class=\"_fadeIn_m1hgl_8\">20% <\/span><span class=\"_fadeIn_m1hgl_8\">poliesteris<\/span><\/p>\n<\/li>\n<li data-start=\"1017\" data-end=\"1056\">\n<p data-start=\"1019\" data-end=\"1056\"><span class=\"_fadeIn_m1hgl_8\">Mink\u0161tas, <\/span><span class=\"_fadeIn_m1hgl_8\">\u0161iltas <\/span><span class=\"_fadeIn_m1hgl_8\">ir <\/span><span class=\"_fadeIn_m1hgl_8\">malonus <\/span><span class=\"_fadeIn_m1hgl_8\">audinys<\/span><\/p>\n<\/li>\n<li data-start=\"1057\" data-end=\"1110\">\n<p data-start=\"1059\" data-end=\"1110\"><span class=\"_fadeIn_m1hgl_8\">Auk\u0161tos <\/span><span class=\"_fadeIn_m1hgl_8\">kokyb\u0117s <\/span><span class=\"_fadeIn_m1hgl_8\">spauda \u201e<\/span><span class=\"_fadeIn_m1hgl_8\">Jonini\u0173 <\/span><span class=\"_fadeIn_m1hgl_8\">karalien\u0117 <\/span><span class=\"_fadeIn_m1hgl_8\">Janina\u201c<\/span><\/p>\n<\/li>\n<li data-start=\"1111\" data-end=\"1142\">\n<p data-start=\"1113\" data-end=\"1142\"><span class=\"_fadeIn_m1hgl_8\">Tinkamas <\/span><span class=\"_fadeIn_m1hgl_8\">dovanai <\/span><span class=\"_fadeIn_m1hgl_8\">ar <\/span><span class=\"_fadeIn_m1hgl_8\">\u0161ventei<\/span><\/p>\n<\/li>\n<li data-start=\"1143\" data-end=\"1177\">\n<p data-start=\"1145\" data-end=\"1177\"><span class=\"_fadeIn_m1hgl_8\">Galimi <\/span><span class=\"_fadeIn_m1hgl_8\">keli <\/span><span class=\"_fadeIn_m1hgl_8\">dyd\u017eiai <\/span><span class=\"_fadeIn_m1hgl_8\">ir <\/span><span class=\"_fadeIn_m1hgl_8\">spalvos<\/span><\/p>\n<\/li>\n<\/ul>\n<p data-start=\"1179\" data-end=\"1279\">","protected":false},"featured_media":5521,"comment_status":"open","ping_status":"closed","template":"","meta":[],"product_brand":[],"product_cat":[294,268,297,293,316],"product_tag":[],"class_list":{"0":"post-5520","1":"product","2":"type-product","3":"status-publish","4":"has-post-thumbnail","6":"product_cat-jonines","7":"product_cat-marskineliai-ir-dzemperiai","8":"product_cat-moteriski","9":"product_cat-sventes","10":"product_cat-vardadieniai","12":"first","13":"instock","14":"shipping-taxable","15":"purchasable","16":"product-type-variable"},"_links":{"self":[{"href":"https:\/\/dujukatiluservisas.lt\/en\/wp-json\/wp\/v2\/product\/5520","targetHints":{"allow":["GET"]}}],"collection":[{"href":"https:\/\/dujukatiluservisas.lt\/en\/wp-json\/wp\/v2\/product"}],"about":[{"href":"https:\/\/dujukatiluservisas.lt\/en\/wp-json\/wp\/v2\/types\/product"}],"replies":[{"embeddable":true,"href":"https:\/\/dujukatiluservisas.lt\/en\/wp-json\/wp\/v2\/comments?post=5520"}],"wp:featuredmedia":[{"embeddable":true,"href":"https:\/\/dujukatiluservisas.lt\/en\/wp-json\/wp\/v2\/media\/5521"}],"wp:attachment":[{"href":"https:\/\/dujukatiluservisas.lt\/en\/wp-json\/wp\/v2\/media?parent=5520"}],"wp:term":[{"taxonomy":"product_brand","embeddable":true,"href":"https:\/\/dujukatiluservisas.lt\/en\/wp-json\/wp\/v2\/product_brand?post=5520"},{"taxonomy":"product_cat","embeddable":true,"href":"https:\/\/dujukatiluservisas.lt\/en\/wp-json\/wp\/v2\/product_cat?post=5520"},{"taxonomy":"product_tag","embeddable":true,"href":"https:\/\/dujukatiluservisas.lt\/en\/wp-json\/wp\/v2\/product_tag?post=5520"}],"curies":[{"name":"wp","href":"https:\/\/api.w.org\/{rel}","templated":true}]}}