{"id":5452,"date":"2026-03-13T09:12:22","date_gmt":"2026-03-13T09:12:22","guid":{"rendered":"https:\/\/dujukatiluservisas.lt\/?post_type=product&#038;p=5452"},"modified":"2026-03-13T09:12:31","modified_gmt":"2026-03-13T09:12:31","slug":"vaikiski-marskineliai-labas-vasara","status":"publish","type":"product","link":"https:\/\/dujukatiluservisas.lt\/en\/product-category\/vaikiski-marskineliai-labas-vasara\/","title":{"rendered":"Vaiki\u0161ki mar\u0161kin\u0117liai &#8222;Labas vasara&#8221;"},"content":{"rendered":"<p data-start=\"343\" data-end=\"675\"><span class=\"_fadeIn_m1hgl_8\">Pasitikite <\/span><span class=\"_fadeIn_m1hgl_8\">\u0161ilt\u0105j\u012f <\/span><span class=\"_fadeIn_m1hgl_8\">sezon\u0105 <\/span><span class=\"_fadeIn_m1hgl_8\">su <\/span><span class=\"_fadeIn_m1hgl_8\">\u017eaismingais <\/span><span class=\"_fadeIn_m1hgl_8\">ir <\/span><span class=\"_fadeIn_m1hgl_8\">spalvingais <\/span><strong data-start=\"399\" data-end=\"442\"><span class=\"_fadeIn_m1hgl_8\">vaiki\u0161kais <\/span><span class=\"_fadeIn_m1hgl_8\">mar\u0161kin\u0117liais \u201e<\/span><span class=\"_fadeIn_m1hgl_8\">Labas <\/span><span class=\"_fadeIn_m1hgl_8\">vasara\u201c<\/span><\/strong><span class=\"_fadeIn_m1hgl_8\">! <\/span><span class=\"_fadeIn_m1hgl_8\">\u0160ie <\/span><span class=\"_fadeIn_m1hgl_8\">mar\u0161kin\u0117liai <\/span><span class=\"_fadeIn_m1hgl_8\">ne <\/span><span class=\"_fadeIn_m1hgl_8\">tik <\/span><span class=\"_fadeIn_m1hgl_8\">d\u017eiugins <\/span><span class=\"_fadeIn_m1hgl_8\">ak\u012f <\/span><span class=\"_fadeIn_m1hgl_8\">vasari\u0161ku <\/span><span class=\"_fadeIn_m1hgl_8\">u\u017era\u0161u, <\/span><span class=\"_fadeIn_m1hgl_8\">bet <\/span><span class=\"_fadeIn_m1hgl_8\">ir <\/span><span class=\"_fadeIn_m1hgl_8\">suteiks <\/span><span class=\"_fadeIn_m1hgl_8\">vaikui <\/span><span class=\"_fadeIn_m1hgl_8\">maksimal\u0173 <\/span><span class=\"_fadeIn_m1hgl_8\">komfort\u0105 <\/span><span class=\"_fadeIn_m1hgl_8\">visos <\/span><span class=\"_fadeIn_m1hgl_8\">dienos <\/span><span class=\"_fadeIn_m1hgl_8\">metu. <\/span><span class=\"_fadeIn_m1hgl_8\">Pagaminti <\/span><span class=\"_fadeIn_m1hgl_8\">i\u0161 <\/span><span class=\"_fadeIn_m1hgl_8\">kokybi\u0161kos, <\/span><span class=\"_fadeIn_m1hgl_8\">100% <\/span><span class=\"_fadeIn_m1hgl_8\">\u0161velnios <\/span><span class=\"_fadeIn_m1hgl_8\">medviln\u0117s, <\/span><span class=\"_fadeIn_m1hgl_8\">jie <\/span><span class=\"_fadeIn_m1hgl_8\">puikiai <\/span><span class=\"_fadeIn_m1hgl_8\">tinka <\/span><span class=\"_fadeIn_m1hgl_8\">tiek <\/span><span class=\"_fadeIn_m1hgl_8\">\u017eaidimams <\/span><span class=\"_fadeIn_m1hgl_8\">lauke, <\/span><span class=\"_fadeIn_m1hgl_8\">tiek <\/span><span class=\"_fadeIn_m1hgl_8\">i\u0161vykoms <\/span><span class=\"_fadeIn_m1hgl_8\">ar <\/span><span class=\"_fadeIn_m1hgl_8\">\u0161vent\u0117ms.<\/span><\/p>\n<p data-start=\"677\" data-end=\"875\"><span class=\"_fadeIn_m1hgl_8\">Mar\u0161kin\u0117liai <\/span><span class=\"_fadeIn_m1hgl_8\">turi <\/span><span class=\"_fadeIn_m1hgl_8\">patog\u0173 <\/span><span class=\"_fadeIn_m1hgl_8\">kirpim\u0105, <\/span><span class=\"_fadeIn_m1hgl_8\">nevar\u017eo <\/span><span class=\"_fadeIn_m1hgl_8\">judesi\u0173 <\/span><span class=\"_fadeIn_m1hgl_8\">ir <\/span><span class=\"_fadeIn_m1hgl_8\">leid\u017eia <\/span><span class=\"_fadeIn_m1hgl_8\">odai <\/span><span class=\"_fadeIn_m1hgl_8\">kv\u0117puoti <\/span><span class=\"_fadeIn_m1hgl_8\">net <\/span><span class=\"_fadeIn_m1hgl_8\">kar\u0161\u010diausiomis <\/span><span class=\"_fadeIn_m1hgl_8\">dienomis. <\/span><span class=\"_fadeIn_m1hgl_8\">Ry\u0161kus <\/span><span class=\"_fadeIn_m1hgl_8\">dizainas <\/span><span class=\"_fadeIn_m1hgl_8\">su <\/span><span class=\"_fadeIn_m1hgl_8\">u\u017era\u0161u \u201e<\/span><span class=\"_fadeIn_m1hgl_8\">Labas <\/span><span class=\"_fadeIn_m1hgl_8\">vasara\u201c <\/span><span class=\"_fadeIn_m1hgl_8\">privers <\/span><span class=\"_fadeIn_m1hgl_8\">nusi\u0161ypsoti <\/span><span class=\"_fadeIn_m1hgl_8\">ne <\/span><span class=\"_fadeIn_m1hgl_8\">tik <\/span><span class=\"_fadeIn_m1hgl_8\">vaik\u0105, <\/span><span class=\"_fadeIn_m1hgl_8\">bet <\/span><span class=\"_fadeIn_m1hgl_8\">ir <\/span><span class=\"_fadeIn_m1hgl_8\">aplinkinius.<\/span><\/p>","protected":false},"excerpt":{"rendered":"<p><span class=\"_fadeIn_m1hgl_8\">Linksm\u0173 <\/span><span class=\"_fadeIn_m1hgl_8\">spalv\u0173 <\/span><span class=\"_fadeIn_m1hgl_8\">vaiki\u0161ki <\/span><span class=\"_fadeIn_m1hgl_8\">mar\u0161kin\u0117liai \u201e<\/span><span class=\"_fadeIn_m1hgl_8\">Labas <\/span><span class=\"_fadeIn_m1hgl_8\">vasara\u201c \u2013 <\/span><span class=\"_fadeIn_m1hgl_8\">tobulas <\/span><span class=\"_fadeIn_m1hgl_8\">pasirinkimas <\/span><span class=\"_fadeIn_m1hgl_8\">\u0161iltiems <\/span><span class=\"_fadeIn_m1hgl_8\">orams! <\/span><span class=\"_fadeIn_m1hgl_8\">Mink\u0161ta <\/span><span class=\"_fadeIn_m1hgl_8\">medviln\u0117 <\/span><span class=\"_fadeIn_m1hgl_8\">ir <\/span><span class=\"_fadeIn_m1hgl_8\">\u017eaismingas <\/span><span class=\"_fadeIn_m1hgl_8\">dizainas <\/span><span class=\"_fadeIn_m1hgl_8\">garantuoja <\/span><span class=\"_fadeIn_m1hgl_8\">patogum\u0105 <\/span><span class=\"_fadeIn_m1hgl_8\">ir <\/span><span class=\"_fadeIn_m1hgl_8\">ger\u0105 <\/span><span class=\"_fadeIn_m1hgl_8\">nuotaik\u0105.<\/span><\/p>\n<p data-start=\"877\" data-end=\"889\"><strong data-start=\"877\" data-end=\"889\"><span class=\"_fadeIn_m1hgl_8\">Savyb\u0117s:<\/span><\/strong><\/p>\n<ul data-start=\"890\" data-end=\"1117\">\n<li data-start=\"890\" data-end=\"923\">\n<p data-start=\"892\" data-end=\"923\"><span class=\"_fadeIn_m1hgl_8\">Linksmas, <\/span><span class=\"_fadeIn_m1hgl_8\">vasari\u0161kas <\/span><span class=\"_fadeIn_m1hgl_8\">dizainas<\/span><\/p>\n<\/li>\n<li data-start=\"924\" data-end=\"960\">\n<p data-start=\"926\" data-end=\"960\"><span class=\"_fadeIn_m1hgl_8\">Med\u017eiaga: <\/span><span class=\"_fadeIn_m1hgl_8\">100% <\/span><span class=\"_fadeIn_m1hgl_8\">nat\u016brali <\/span><span class=\"_fadeIn_m1hgl_8\">medviln\u0117<\/span><\/p>\n<\/li>\n<li data-start=\"961\" data-end=\"995\">\n<p data-start=\"963\" data-end=\"995\"><span class=\"_fadeIn_m1hgl_8\">Kv\u0117puojantys <\/span><span class=\"_fadeIn_m1hgl_8\">ir <\/span><span class=\"_fadeIn_m1hgl_8\">malon\u016bs <\/span><span class=\"_fadeIn_m1hgl_8\">d\u0117v\u0117ti<\/span><\/p>\n<\/li>\n<li data-start=\"996\" data-end=\"1029\">\n<p data-start=\"998\" data-end=\"1029\"><span class=\"_fadeIn_m1hgl_8\">Puikiai <\/span><span class=\"_fadeIn_m1hgl_8\">tinka <\/span><span class=\"_fadeIn_m1hgl_8\">vasaros <\/span><span class=\"_fadeIn_m1hgl_8\">sezonui<\/span><\/p>\n<\/li>\n<li data-start=\"1030\" data-end=\"1072\">\n<p data-start=\"1032\" data-end=\"1072\"><span class=\"_fadeIn_m1hgl_8\">Tinka <\/span><span class=\"_fadeIn_m1hgl_8\">tiek <\/span><span class=\"_fadeIn_m1hgl_8\">berniukams, <\/span><span class=\"_fadeIn_m1hgl_8\">tiek <\/span><span class=\"_fadeIn_m1hgl_8\">mergait\u0117ms<\/span><\/p>\n<\/li>\n<li data-start=\"1073\" data-end=\"1117\">\n<p data-start=\"1075\" data-end=\"1117\"><span class=\"_fadeIn_m1hgl_8\">Galimi <\/span><span class=\"_fadeIn_m1hgl_8\">\u012fvair\u016bs <\/span><span class=\"_fadeIn_m1hgl_8\">dyd\u017eiai (<\/span><span class=\"_fadeIn_m1hgl_8\">nuo <\/span><span class=\"_fadeIn_m1hgl_8\">2 <\/span><span class=\"_fadeIn_m1hgl_8\">iki <\/span><span class=\"_fadeIn_m1hgl_8\">12 <\/span><span class=\"_fadeIn_m1hgl_8\">met\u0173)<\/span><\/p>\n<\/li>\n<\/ul>","protected":false},"featured_media":5460,"comment_status":"open","ping_status":"closed","template":"","meta":[],"product_brand":[],"product_cat":[268,313],"product_tag":[],"class_list":{"0":"post-5452","1":"product","2":"type-product","3":"status-publish","4":"has-post-thumbnail","6":"product_cat-marskineliai-ir-dzemperiai","7":"product_cat-vaikiski","9":"first","10":"instock","11":"shipping-taxable","12":"purchasable","13":"product-type-variable"},"_links":{"self":[{"href":"https:\/\/dujukatiluservisas.lt\/en\/wp-json\/wp\/v2\/product\/5452","targetHints":{"allow":["GET"]}}],"collection":[{"href":"https:\/\/dujukatiluservisas.lt\/en\/wp-json\/wp\/v2\/product"}],"about":[{"href":"https:\/\/dujukatiluservisas.lt\/en\/wp-json\/wp\/v2\/types\/product"}],"replies":[{"embeddable":true,"href":"https:\/\/dujukatiluservisas.lt\/en\/wp-json\/wp\/v2\/comments?post=5452"}],"wp:featuredmedia":[{"embeddable":true,"href":"https:\/\/dujukatiluservisas.lt\/en\/wp-json\/wp\/v2\/media\/5460"}],"wp:attachment":[{"href":"https:\/\/dujukatiluservisas.lt\/en\/wp-json\/wp\/v2\/media?parent=5452"}],"wp:term":[{"taxonomy":"product_brand","embeddable":true,"href":"https:\/\/dujukatiluservisas.lt\/en\/wp-json\/wp\/v2\/product_brand?post=5452"},{"taxonomy":"product_cat","embeddable":true,"href":"https:\/\/dujukatiluservisas.lt\/en\/wp-json\/wp\/v2\/product_cat?post=5452"},{"taxonomy":"product_tag","embeddable":true,"href":"https:\/\/dujukatiluservisas.lt\/en\/wp-json\/wp\/v2\/product_tag?post=5452"}],"curies":[{"name":"wp","href":"https:\/\/api.w.org\/{rel}","templated":true}]}}