{"id":5352,"date":"2026-03-13T09:12:13","date_gmt":"2026-03-13T09:12:13","guid":{"rendered":"https:\/\/dujukatiluservisas.lt\/?post_type=product&#038;p=5352"},"modified":"2026-03-13T09:12:24","modified_gmt":"2026-03-13T09:12:24","slug":"vyriski-marskineliai","status":"publish","type":"product","link":"https:\/\/dujukatiluservisas.lt\/en\/product-category\/vyriski-marskineliai\/","title":{"rendered":"Vyri\u0161ki mar\u0161kin\u0117liai"},"content":{"rendered":"<p data-start=\"348\" data-end=\"703\"><span class=\"_fadeIn_m1hgl_8\">Atraskite <\/span><span class=\"_fadeIn_m1hgl_8\">komfort\u0105 <\/span><span class=\"_fadeIn_m1hgl_8\">ir <\/span><span class=\"_fadeIn_m1hgl_8\">stili\u0173 <\/span><span class=\"_fadeIn_m1hgl_8\">su <\/span><span class=\"_fadeIn_m1hgl_8\">\u0161iais <\/span><strong data-start=\"386\" data-end=\"413\"><span class=\"_fadeIn_m1hgl_8\">vyri\u0161kais <\/span><span class=\"_fadeIn_m1hgl_8\">mar\u0161kin\u0117liais<\/span><\/strong><span class=\"_fadeIn_m1hgl_8\">, <\/span><span class=\"_fadeIn_m1hgl_8\">puikiai <\/span><span class=\"_fadeIn_m1hgl_8\">tinkan\u010diais <\/span><span class=\"_fadeIn_m1hgl_8\">kiekvienai <\/span><span class=\"_fadeIn_m1hgl_8\">dienai. <\/span><span class=\"_fadeIn_m1hgl_8\">Jie <\/span><span class=\"_fadeIn_m1hgl_8\">pagaminti <\/span><span class=\"_fadeIn_m1hgl_8\">i\u0161 <\/span><span class=\"_fadeIn_m1hgl_8\">100% <\/span><span class=\"_fadeIn_m1hgl_8\">mink\u0161tos <\/span><span class=\"_fadeIn_m1hgl_8\">ir <\/span><span class=\"_fadeIn_m1hgl_8\">kv\u0117puojan\u010dios <\/span><span class=\"_fadeIn_m1hgl_8\">medviln\u0117s, <\/span><span class=\"_fadeIn_m1hgl_8\">u\u017etikrinan\u010dios <\/span><span class=\"_fadeIn_m1hgl_8\">malon\u0173 <\/span><span class=\"_fadeIn_m1hgl_8\">jausm\u0105 <\/span><span class=\"_fadeIn_m1hgl_8\">ant <\/span><span class=\"_fadeIn_m1hgl_8\">odos <\/span><span class=\"_fadeIn_m1hgl_8\">net <\/span><span class=\"_fadeIn_m1hgl_8\">ir <\/span><span class=\"_fadeIn_m1hgl_8\">ilgai <\/span><span class=\"_fadeIn_m1hgl_8\">d\u0117vint. <\/span><span class=\"_fadeIn_m1hgl_8\">Klasikinis <\/span><span class=\"_fadeIn_m1hgl_8\">siluetas <\/span><span class=\"_fadeIn_m1hgl_8\">ir <\/span><span class=\"_fadeIn_m1hgl_8\">subtilus <\/span><span class=\"_fadeIn_m1hgl_8\">dizainas <\/span><span class=\"_fadeIn_m1hgl_8\">leid\u017eia <\/span><span class=\"_fadeIn_m1hgl_8\">lengvai <\/span><span class=\"_fadeIn_m1hgl_8\">derinti <\/span><span class=\"_fadeIn_m1hgl_8\">prie <\/span><span class=\"_fadeIn_m1hgl_8\">\u012fvairaus <\/span><span class=\"_fadeIn_m1hgl_8\">stiliaus <\/span><span class=\"_fadeIn_m1hgl_8\">aprangos \u2013 <\/span><span class=\"_fadeIn_m1hgl_8\">nuo <\/span><span class=\"_fadeIn_m1hgl_8\">d\u017eins\u0173 <\/span><span class=\"_fadeIn_m1hgl_8\">iki <\/span><span class=\"_fadeIn_m1hgl_8\">sportini\u0173 <\/span><span class=\"_fadeIn_m1hgl_8\">kelni\u0173.<\/span><\/p>\n<p data-start=\"705\" data-end=\"929\"><span class=\"_fadeIn_m1hgl_8\">Mar\u0161kin\u0117liai <\/span><span class=\"_fadeIn_m1hgl_8\">i\u0161siskiria <\/span><span class=\"_fadeIn_m1hgl_8\">kokybi\u0161komis <\/span><span class=\"_fadeIn_m1hgl_8\">si\u016bl\u0117mis <\/span><span class=\"_fadeIn_m1hgl_8\">ir <\/span><span class=\"_fadeIn_m1hgl_8\">i\u0161laiko <\/span><span class=\"_fadeIn_m1hgl_8\">form\u0105 <\/span><span class=\"_fadeIn_m1hgl_8\">net <\/span><span class=\"_fadeIn_m1hgl_8\">po <\/span><span class=\"_fadeIn_m1hgl_8\">daugelio <\/span><span class=\"_fadeIn_m1hgl_8\">skalbim\u0173. <\/span><span class=\"_fadeIn_m1hgl_8\">Tai <\/span><span class=\"_fadeIn_m1hgl_8\">nepakei\u010diamas <\/span><span class=\"_fadeIn_m1hgl_8\">pasirinkimas <\/span><span class=\"_fadeIn_m1hgl_8\">tiems, <\/span><span class=\"_fadeIn_m1hgl_8\">kurie <\/span><span class=\"_fadeIn_m1hgl_8\">vertina <\/span><span class=\"_fadeIn_m1hgl_8\">paprastum\u0105, <\/span><span class=\"_fadeIn_m1hgl_8\">kokyb\u0119 <\/span><span class=\"_fadeIn_m1hgl_8\">ir <\/span><span class=\"_fadeIn_m1hgl_8\">funkcionalum\u0105. <\/span><span class=\"_fadeIn_m1hgl_8\">Galimi <\/span><span class=\"_fadeIn_m1hgl_8\">\u012fvair\u016bs <\/span><span class=\"_fadeIn_m1hgl_8\">dyd\u017eiai <\/span><span class=\"_fadeIn_m1hgl_8\">ir <\/span><span class=\"_fadeIn_m1hgl_8\">spalv\u0173 <\/span><span class=\"_fadeIn_m1hgl_8\">pasirinkimai.<\/span><\/p>","protected":false},"excerpt":{"rendered":"<p><span class=\"_fadeIn_m1hgl_8\">Stilingi <\/span><span class=\"_fadeIn_m1hgl_8\">ir <\/span><span class=\"_fadeIn_m1hgl_8\">patog\u016bs <\/span><span class=\"_fadeIn_m1hgl_8\">vyri\u0161ki <\/span><span class=\"_fadeIn_m1hgl_8\">mar\u0161kin\u0117liai, <\/span><span class=\"_fadeIn_m1hgl_8\">pagaminti <\/span><span class=\"_fadeIn_m1hgl_8\">i\u0161 <\/span><span class=\"_fadeIn_m1hgl_8\">auk\u0161tos <\/span><span class=\"_fadeIn_m1hgl_8\">kokyb\u0117s <\/span><span class=\"_fadeIn_m1hgl_8\">medviln\u0117s. <\/span><span class=\"_fadeIn_m1hgl_8\">Tinka <\/span><span class=\"_fadeIn_m1hgl_8\">tiek <\/span><span class=\"_fadeIn_m1hgl_8\">kasdieniam <\/span><span class=\"_fadeIn_m1hgl_8\">d\u0117v\u0117jimui, <\/span><span class=\"_fadeIn_m1hgl_8\">tiek <\/span><span class=\"_fadeIn_m1hgl_8\">laisvalaikiui.<\/span><\/p>\n<p data-start=\"931\" data-end=\"943\"><strong data-start=\"931\" data-end=\"943\"><span class=\"_fadeIn_m1hgl_8\">Savyb\u0117s:<\/span><\/strong><\/p>\n<ul data-start=\"944\" data-end=\"1113\">\n<li data-start=\"944\" data-end=\"971\">\n<p data-start=\"946\" data-end=\"971\"><span class=\"_fadeIn_m1hgl_8\">Med\u017eiaga: <\/span><span class=\"_fadeIn_m1hgl_8\">100% <\/span><span class=\"_fadeIn_m1hgl_8\">medviln\u0117<\/span><\/p>\n<\/li>\n<li data-start=\"972\" data-end=\"1008\">\n<p data-start=\"974\" data-end=\"1008\"><span class=\"_fadeIn_m1hgl_8\">Kv\u0117puojantys <\/span><span class=\"_fadeIn_m1hgl_8\">ir <\/span><span class=\"_fadeIn_m1hgl_8\">\u0161veln\u016bs <\/span><span class=\"_fadeIn_m1hgl_8\">audiniai<\/span><\/p>\n<\/li>\n<li data-start=\"1009\" data-end=\"1039\">\n<p data-start=\"1011\" data-end=\"1039\"><span class=\"_fadeIn_m1hgl_8\">Klasikinis <\/span><span class=\"_fadeIn_m1hgl_8\">tiesus <\/span><span class=\"_fadeIn_m1hgl_8\">kirpimas<\/span><\/p>\n<\/li>\n<li data-start=\"1040\" data-end=\"1084\">\n<p data-start=\"1042\" data-end=\"1084\"><span class=\"_fadeIn_m1hgl_8\">Tinka <\/span><span class=\"_fadeIn_m1hgl_8\">kasdieniam <\/span><span class=\"_fadeIn_m1hgl_8\">ir <\/span><span class=\"_fadeIn_m1hgl_8\">laisvalaikio <\/span><span class=\"_fadeIn_m1hgl_8\">stiliui<\/span><\/p>\n<\/li>\n<li data-start=\"1085\" data-end=\"1113\">\n<p data-start=\"1087\" data-end=\"1113\"><span class=\"_fadeIn_m1hgl_8\">Galima <\/span><span class=\"_fadeIn_m1hgl_8\">skalbti <\/span><span class=\"_fadeIn_m1hgl_8\">skalbykl\u0117je<\/span><\/p>\n<\/li>\n<\/ul>","protected":false},"featured_media":5369,"comment_status":"open","ping_status":"closed","template":"","meta":[],"product_brand":[],"product_cat":[268,309],"product_tag":[],"class_list":{"0":"post-5352","1":"product","2":"type-product","3":"status-publish","4":"has-post-thumbnail","6":"product_cat-marskineliai-ir-dzemperiai","7":"product_cat-vyriski","9":"first","10":"instock","11":"shipping-taxable","12":"purchasable","13":"product-type-variable"},"_links":{"self":[{"href":"https:\/\/dujukatiluservisas.lt\/en\/wp-json\/wp\/v2\/product\/5352","targetHints":{"allow":["GET"]}}],"collection":[{"href":"https:\/\/dujukatiluservisas.lt\/en\/wp-json\/wp\/v2\/product"}],"about":[{"href":"https:\/\/dujukatiluservisas.lt\/en\/wp-json\/wp\/v2\/types\/product"}],"replies":[{"embeddable":true,"href":"https:\/\/dujukatiluservisas.lt\/en\/wp-json\/wp\/v2\/comments?post=5352"}],"wp:featuredmedia":[{"embeddable":true,"href":"https:\/\/dujukatiluservisas.lt\/en\/wp-json\/wp\/v2\/media\/5369"}],"wp:attachment":[{"href":"https:\/\/dujukatiluservisas.lt\/en\/wp-json\/wp\/v2\/media?parent=5352"}],"wp:term":[{"taxonomy":"product_brand","embeddable":true,"href":"https:\/\/dujukatiluservisas.lt\/en\/wp-json\/wp\/v2\/product_brand?post=5352"},{"taxonomy":"product_cat","embeddable":true,"href":"https:\/\/dujukatiluservisas.lt\/en\/wp-json\/wp\/v2\/product_cat?post=5352"},{"taxonomy":"product_tag","embeddable":true,"href":"https:\/\/dujukatiluservisas.lt\/en\/wp-json\/wp\/v2\/product_tag?post=5352"}],"curies":[{"name":"wp","href":"https:\/\/api.w.org\/{rel}","templated":true}]}}