{"id":5252,"date":"2026-03-13T09:11:57","date_gmt":"2026-03-13T09:11:57","guid":{"rendered":"https:\/\/dujukatiluservisas.lt\/?post_type=product&#038;p=5252"},"modified":"2026-03-13T09:12:15","modified_gmt":"2026-03-13T09:12:15","slug":"vyriski-marskineliai-lithuania","status":"publish","type":"product","link":"https:\/\/dujukatiluservisas.lt\/en\/product-category\/vyriski-marskineliai-lithuania\/","title":{"rendered":"Vyri\u0161ki mar\u0161kin\u0117liai &#8222;Lithuania&#8221;"},"content":{"rendered":"<p class=\"\" data-start=\"217\" data-end=\"693\">Mar\u0161kin\u0117liai &#8222;Lithuania&#8221; \u2013 tai unikalus ir eleganti\u0161kas pasirinkimas kiekvienam, kuris nori i\u0161reik\u0161ti savo meil\u0119 Lietuvai. \u0160ie mar\u0161kiniai pasi\u017eymi kokybi\u0161ku audiniu, kuris u\u017etikrina komfort\u0105 vis\u0105 dien\u0105, bei moderniu dizainu, tinkamu tiek kasdieniam d\u0117v\u0117jimui, tiek ypatingoms progoms. Subtilus &#8222;Lithuania&#8221; u\u017era\u0161as ant mar\u0161kini\u0173 simbolizuoja nacionalin\u012f pasidid\u017eiavim\u0105 ir gali tapti puikiu aksesuaru tiek vietin\u0117ms \u0161vent\u0117ms, tiek tarptautiniams renginiams.<\/p>\n<p class=\"\" data-start=\"695\" data-end=\"993\">Mar\u0161kin\u0117liai yra pagaminti i\u0161 mink\u0161to ir kv\u0117puojan\u010dio medviln\u0117s audinio, tod\u0117l puikiai tinka visoms oro s\u0105lygoms ir nekenkia odai. J\u0173 paprastas ir \u0161iuolaiki\u0161kas dizainas suteikia galimyb\u0119 lengvai derinti su \u012fvairiais stiliaus elementais, nesvarbu, ar norite kurti atsitiktin\u012f, ar eleganti\u0161k\u0105 \u012fvaizd\u012f.<\/p>\n<p class=\"\" data-start=\"995\" data-end=\"1237\">Su \u0161iais mar\u0161kin\u0117liais j\u016bs ne tik atrodysite puikiai, bet ir did\u017eiuosit\u0117s savo \u0161alimi. Jie puikiai tinka kaip dovana artimiesiems arba tiesiog norint praturtinti savo garderob\u0105. I\u0161reik\u0161kite savo patriotizm\u0105 ir stili\u0173 su &#8222;Lithuania&#8221; mar\u0161kiniais.<\/p>","protected":false},"excerpt":{"rendered":"<p>Mar\u0161kin\u0117liai &#8222;Lithuania&#8221; \u2013 eleganti\u0161ki, patog\u016bs ir stilingi mar\u0161kiniai, kuriuose i\u0161reik\u0161ta meil\u0117 Lietuvai. Su subtiliu &#8222;Lithuania&#8221; u\u017era\u0161u, \u0161ie mar\u0161kin\u0117liai taps puikia kasdienio stiliaus dalimi.<\/p>\n<p data-start=\"931\" data-end=\"943\"><strong data-start=\"931\" data-end=\"943\"><span class=\"_fadeIn_m1hgl_8\">Savyb\u0117s:<\/span><\/strong><\/p>\n<ul data-start=\"944\" data-end=\"1113\">\n<li data-start=\"944\" data-end=\"971\">\n<p data-start=\"946\" data-end=\"971\"><span class=\"_fadeIn_m1hgl_8\">Med\u017eiaga:\u00a0<\/span><span class=\"_fadeIn_m1hgl_8\">100%\u00a0<\/span><span class=\"_fadeIn_m1hgl_8\">medviln\u0117<\/span><\/p>\n<\/li>\n<li data-start=\"972\" data-end=\"1008\">\n<p data-start=\"974\" data-end=\"1008\"><span class=\"_fadeIn_m1hgl_8\">Kv\u0117puojantys\u00a0<\/span><span class=\"_fadeIn_m1hgl_8\">ir\u00a0<\/span><span class=\"_fadeIn_m1hgl_8\">\u0161veln\u016bs\u00a0<\/span><span class=\"_fadeIn_m1hgl_8\">audiniai<\/span><\/p>\n<\/li>\n<li data-start=\"1009\" data-end=\"1039\">\n<p data-start=\"1011\" data-end=\"1039\"><span class=\"_fadeIn_m1hgl_8\">Klasikinis\u00a0<\/span><span class=\"_fadeIn_m1hgl_8\">tiesus\u00a0<\/span><span class=\"_fadeIn_m1hgl_8\">kirpimas<\/span><\/p>\n<\/li>\n<li data-start=\"1040\" data-end=\"1084\">\n<p data-start=\"1042\" data-end=\"1084\"><span class=\"_fadeIn_m1hgl_8\">Tinka\u00a0<\/span><span class=\"_fadeIn_m1hgl_8\">kasdieniam\u00a0<\/span><span class=\"_fadeIn_m1hgl_8\">ir\u00a0<\/span><span class=\"_fadeIn_m1hgl_8\">laisvalaikio\u00a0<\/span><span class=\"_fadeIn_m1hgl_8\">stiliui<\/span><\/p>\n<\/li>\n<li data-start=\"1085\" data-end=\"1113\">\n<p data-start=\"1087\" data-end=\"1113\"><span class=\"_fadeIn_m1hgl_8\">Galima\u00a0<\/span><span class=\"_fadeIn_m1hgl_8\">skalbti\u00a0<\/span><span class=\"_fadeIn_m1hgl_8\">skalbykl\u0117je<\/span><\/p>\n<\/li>\n<\/ul>\n<p>&nbsp;<\/p>","protected":false},"featured_media":5278,"comment_status":"open","ping_status":"closed","template":"","meta":[],"product_brand":[],"product_cat":[268,309],"product_tag":[],"class_list":{"0":"post-5252","1":"product","2":"type-product","3":"status-publish","4":"has-post-thumbnail","6":"product_cat-marskineliai-ir-dzemperiai","7":"product_cat-vyriski","9":"first","10":"instock","11":"shipping-taxable","12":"purchasable","13":"product-type-variable"},"_links":{"self":[{"href":"https:\/\/dujukatiluservisas.lt\/en\/wp-json\/wp\/v2\/product\/5252","targetHints":{"allow":["GET"]}}],"collection":[{"href":"https:\/\/dujukatiluservisas.lt\/en\/wp-json\/wp\/v2\/product"}],"about":[{"href":"https:\/\/dujukatiluservisas.lt\/en\/wp-json\/wp\/v2\/types\/product"}],"replies":[{"embeddable":true,"href":"https:\/\/dujukatiluservisas.lt\/en\/wp-json\/wp\/v2\/comments?post=5252"}],"wp:featuredmedia":[{"embeddable":true,"href":"https:\/\/dujukatiluservisas.lt\/en\/wp-json\/wp\/v2\/media\/5278"}],"wp:attachment":[{"href":"https:\/\/dujukatiluservisas.lt\/en\/wp-json\/wp\/v2\/media?parent=5252"}],"wp:term":[{"taxonomy":"product_brand","embeddable":true,"href":"https:\/\/dujukatiluservisas.lt\/en\/wp-json\/wp\/v2\/product_brand?post=5252"},{"taxonomy":"product_cat","embeddable":true,"href":"https:\/\/dujukatiluservisas.lt\/en\/wp-json\/wp\/v2\/product_cat?post=5252"},{"taxonomy":"product_tag","embeddable":true,"href":"https:\/\/dujukatiluservisas.lt\/en\/wp-json\/wp\/v2\/product_tag?post=5252"}],"curies":[{"name":"wp","href":"https:\/\/api.w.org\/{rel}","templated":true}]}}