{"id":5200,"date":"2026-03-13T09:11:51","date_gmt":"2026-03-13T09:11:51","guid":{"rendered":"https:\/\/dujukatiluservisas.lt\/?post_type=product&#038;p=5200"},"modified":"2026-03-13T09:12:00","modified_gmt":"2026-03-13T09:12:00","slug":"moteriski-marskineliai-vasara","status":"publish","type":"product","link":"https:\/\/dujukatiluservisas.lt\/en\/product-category\/moteriski-marskineliai-vasara\/","title":{"rendered":"Moteri\u0161ki mar\u0161kin\u0117liai &#8222;Vasara&#8221;"},"content":{"rendered":"<p class=\"\" data-start=\"390\" data-end=\"541\">\u012ekv\u0117pti saul\u0117s, laisv\u0117s ir \u0161ilto v\u0117jo \u2013 <strong data-start=\"430\" data-end=\"465\">moteri\u0161ki mar\u0161kin\u0117liai \u201eVasara\u201c<\/strong> skirti toms, kurios nori ne tik atrodyti stilingai, bet ir jaustis lengvai.<\/p>\n<p class=\"\" data-start=\"543\" data-end=\"749\">\u0160ie mar\u0161kin\u0117liai pagaminti i\u0161 <strong data-start=\"573\" data-end=\"612\">mink\u0161tos ir kv\u0117puojan\u010dios medviln\u0117s<\/strong>, kuri puikiai tinka kar\u0161toms dienoms. Spalvingas printas i\u0161lieka ry\u0161kus net po daugelio skalbim\u0173, o moteri\u0161kas siluetas pabr\u0117\u017eia fig\u016br\u0105.<\/p>","protected":false},"excerpt":{"rendered":"<h3 data-start=\"756\" data-end=\"775\">Lengvi, stilingi ir vasari\u0161ki moteri\u0161ki mar\u0161kin\u0117liai su spauda \u2013 puikus pasirinkimas \u0161iltoms dienoms ir gerai nuotaikai!<\/h3>\n<h3 class=\"\" data-start=\"756\" data-end=\"775\"><strong data-start=\"762\" data-end=\"775\">Ypatyb\u0117s:<\/strong><\/h3>\n<ul data-start=\"776\" data-end=\"965\">\n<li class=\"\" data-start=\"776\" data-end=\"810\">\n<p class=\"\" data-start=\"778\" data-end=\"810\">100 % auk\u0161tos kokyb\u0117s medviln\u0117<\/p>\n<\/li>\n<li class=\"\" data-start=\"811\" data-end=\"839\">\n<p class=\"\" data-start=\"813\" data-end=\"839\">Spauda atspari skalbimui<\/p>\n<\/li>\n<li class=\"\" data-start=\"840\" data-end=\"883\">\n<p class=\"\" data-start=\"842\" data-end=\"883\">Moteri\u0161kas, \u0161iek tiek priglud\u0119s modelis<\/p>\n<\/li>\n<li class=\"\" data-start=\"884\" data-end=\"916\">\n<p class=\"\" data-start=\"886\" data-end=\"916\">Galimi dyd\u017eiai nuo S iki XXXL<\/p>\n<\/li>\n<li class=\"\" data-start=\"917\" data-end=\"965\">\n<p class=\"\" data-start=\"919\" data-end=\"965\">Puikiai tinka dovanai ar kasdieniam ne\u0161iojimui<\/p>\n<\/li>\n<\/ul>","protected":false},"featured_media":5217,"comment_status":"open","ping_status":"closed","template":"","meta":[],"product_brand":[],"product_cat":[268,297],"product_tag":[],"class_list":{"0":"post-5200","1":"product","2":"type-product","3":"status-publish","4":"has-post-thumbnail","6":"product_cat-marskineliai-ir-dzemperiai","7":"product_cat-moteriski","9":"first","10":"instock","11":"shipping-taxable","12":"purchasable","13":"product-type-variable"},"_links":{"self":[{"href":"https:\/\/dujukatiluservisas.lt\/en\/wp-json\/wp\/v2\/product\/5200","targetHints":{"allow":["GET"]}}],"collection":[{"href":"https:\/\/dujukatiluservisas.lt\/en\/wp-json\/wp\/v2\/product"}],"about":[{"href":"https:\/\/dujukatiluservisas.lt\/en\/wp-json\/wp\/v2\/types\/product"}],"replies":[{"embeddable":true,"href":"https:\/\/dujukatiluservisas.lt\/en\/wp-json\/wp\/v2\/comments?post=5200"}],"wp:featuredmedia":[{"embeddable":true,"href":"https:\/\/dujukatiluservisas.lt\/en\/wp-json\/wp\/v2\/media\/5217"}],"wp:attachment":[{"href":"https:\/\/dujukatiluservisas.lt\/en\/wp-json\/wp\/v2\/media?parent=5200"}],"wp:term":[{"taxonomy":"product_brand","embeddable":true,"href":"https:\/\/dujukatiluservisas.lt\/en\/wp-json\/wp\/v2\/product_brand?post=5200"},{"taxonomy":"product_cat","embeddable":true,"href":"https:\/\/dujukatiluservisas.lt\/en\/wp-json\/wp\/v2\/product_cat?post=5200"},{"taxonomy":"product_tag","embeddable":true,"href":"https:\/\/dujukatiluservisas.lt\/en\/wp-json\/wp\/v2\/product_tag?post=5200"}],"curies":[{"name":"wp","href":"https:\/\/api.w.org\/{rel}","templated":true}]}}