{"id":5146,"date":"2026-03-13T09:11:45","date_gmt":"2026-03-13T09:11:45","guid":{"rendered":"https:\/\/dujukatiluservisas.lt\/?post_type=product&#038;p=5146"},"modified":"2026-03-13T09:11:47","modified_gmt":"2026-03-13T09:11:47","slug":"susikurk-pats","status":"publish","type":"product","link":"https:\/\/dujukatiluservisas.lt\/en\/product-category\/susikurk-pats\/","title":{"rendered":"Susikurk pats"},"content":{"rendered":"<p class=\"\" data-start=\"277\" data-end=\"354\"><strong data-start=\"277\" data-end=\"354\">Susikurk savo mar\u0161kin\u0117lius internetu \u2013 i\u0161skirtinis dizainas tavo stiliui!<\/strong><\/p>\n<p class=\"\" data-start=\"356\" data-end=\"587\">Ie\u0161kai originalios dovanos, nori i\u0161siskirti i\u0161 minios ar tiesiog pasipuo\u0161ti unikaliais mar\u0161kin\u0117liais? Pasinaudok m\u016bs\u0173 funkcija <strong data-start=\"483\" data-end=\"502\">\u201eSusikurk pats\u201c<\/strong> ir <strong data-start=\"506\" data-end=\"555\">susikurk individualius mar\u0161kin\u0117lius internetu<\/strong> vos per kelias minutes! \ud83e\uddd1\u200d\ud83c\udfa8\ud83d\udc55<\/p>\n<p class=\"\" data-start=\"589\" data-end=\"812\">\u2714\ufe0f \u012ekelk savo dizain\u0105, nuotrauk\u0105 ar tekst\u0105<br data-start=\"631\" data-end=\"634\" \/>\u2714\ufe0f Pasirink spalv\u0105, dyd\u012f, mar\u0161kin\u0117li\u0173 tip\u0105 (vyri\u0161ki, moteri\u0161ki, vaiki\u0161ki)<br data-start=\"707\" data-end=\"710\" \/>\u2714\ufe0f Per\u017ei\u016br\u0117k gyv\u0105 per\u017ei\u016br\u0105 prie\u0161 u\u017esakym\u0105<br data-start=\"751\" data-end=\"754\" \/>\u2714\ufe0f Mes pasir\u016bpinsime kokybi\u0161ka spauda ir greitu pristatymu<\/p>\n<p class=\"\" data-start=\"814\" data-end=\"1108\">M\u016bs\u0173 <strong data-start=\"819\" data-end=\"850\">mar\u0161kin\u0117li\u0173 dizaino \u012frankis<\/strong> leid\u017eia <strong data-start=\"859\" data-end=\"888\">k\u016brybi\u0161kai i\u0161reik\u0161ti save<\/strong> \u2013 ar tai b\u016bt\u0173 gimtadienio dovana, \u012fmon\u0117s atributika, sporto komandos apranga ar tiesiog asmeninis stilius. Naudojame tik auk\u0161tos kokyb\u0117s tekstil\u0119 ir ilgaam\u017eius da\u017eus, tod\u0117l tavo sukurti mar\u0161kin\u0117liai i\u0161liks gra\u017e\u016bs ilgai.<\/p>","protected":false},"excerpt":{"rendered":"<p><strong data-start=\"1435\" data-end=\"1476\">Susikurk savo mar\u0161kin\u0117lius internetu!<\/strong> \u012ekelk savo paveiksl\u0117l\u012f, prid\u0117k tekst\u0105 ir pasirink spalv\u0105 \u2013 mes pasir\u016bpinsime likusiu. Puiki dovana ir originalus pasirinkimas sau!<\/p>","protected":false},"featured_media":5156,"comment_status":"open","ping_status":"closed","template":"","meta":[],"product_brand":[],"product_cat":[268,296],"product_tag":[],"class_list":{"0":"post-5146","1":"product","2":"type-product","3":"status-publish","4":"has-post-thumbnail","6":"product_cat-marskineliai-ir-dzemperiai","7":"product_cat-susikurk-pats","9":"first","10":"instock","11":"shipping-taxable","12":"purchasable","13":"product-type-simple"},"_links":{"self":[{"href":"https:\/\/dujukatiluservisas.lt\/en\/wp-json\/wp\/v2\/product\/5146","targetHints":{"allow":["GET"]}}],"collection":[{"href":"https:\/\/dujukatiluservisas.lt\/en\/wp-json\/wp\/v2\/product"}],"about":[{"href":"https:\/\/dujukatiluservisas.lt\/en\/wp-json\/wp\/v2\/types\/product"}],"replies":[{"embeddable":true,"href":"https:\/\/dujukatiluservisas.lt\/en\/wp-json\/wp\/v2\/comments?post=5146"}],"wp:featuredmedia":[{"embeddable":true,"href":"https:\/\/dujukatiluservisas.lt\/en\/wp-json\/wp\/v2\/media\/5156"}],"wp:attachment":[{"href":"https:\/\/dujukatiluservisas.lt\/en\/wp-json\/wp\/v2\/media?parent=5146"}],"wp:term":[{"taxonomy":"product_brand","embeddable":true,"href":"https:\/\/dujukatiluservisas.lt\/en\/wp-json\/wp\/v2\/product_brand?post=5146"},{"taxonomy":"product_cat","embeddable":true,"href":"https:\/\/dujukatiluservisas.lt\/en\/wp-json\/wp\/v2\/product_cat?post=5146"},{"taxonomy":"product_tag","embeddable":true,"href":"https:\/\/dujukatiluservisas.lt\/en\/wp-json\/wp\/v2\/product_tag?post=5146"}],"curies":[{"name":"wp","href":"https:\/\/api.w.org\/{rel}","templated":true}]}}