{"id":4337,"date":"2026-02-22T14:11:28","date_gmt":"2026-02-22T14:11:28","guid":{"rendered":"https:\/\/dujukatiluservisas.lt\/?page_id=4337"},"modified":"2026-02-22T14:11:28","modified_gmt":"2026-02-22T14:11:28","slug":"pristatymo-informacija","status":"publish","type":"page","link":"https:\/\/dujukatiluservisas.lt\/en\/pristatymo-informacija\/","title":{"rendered":"Pristatymo informacija"},"content":{"rendered":"<h2 class=\"wp-block-heading\"><\/h2>\n\n\n\n<h4 class=\"wp-block-heading\"><\/h4>\n\n\n\n<p><br><strong>Nemokamas atsi\u0117mimas medelyne<\/strong><\/p>\n\n\n\n<p><strong>Apmok\u0117jimas atvykus \u012f viet\u0105<\/strong><\/p>\n\n\n\n<p>Apmok\u0117site grynaisiais atvyk\u0119 adresu: Prieplaukos g. 11, Babtai, Kauno r.<\/p>\n\n\n\n<p>Sodinukus suruo\u0161iame per 24val.<\/p>\n\n\n\n<p>Pra\u0161ome para\u0161yti dat\u0105 kada atvyksite atsiimti u\u017esakym\u0105 \u012f skilt\u012f PAPILDOMA INFORMACIJA.<\/p>\n\n\n\n<p>I\u0161kilus klausimams, skambinkite numeriu: +(370) 616 58628, +(370) 673 25102<\/p>\n\n\n\n<ul class=\"wp-block-list\">\n<li><strong>Nemokamas atsi\u0117mimas Vilniuje<\/strong><\/li>\n\n\n\n<li><strong>Apmok\u0117jimas atvykus \u012f nurodyt\u0105 viet\u0105<\/strong><\/li>\n<\/ul>\n\n\n\n<p>Apmok\u0117site grynaisiais atvyk\u0119 prie PC Banginis ( P. Luk\u0161io g. 34, Vilnius)<\/p>\n\n\n\n<p>Sezonu metu ve\u017eame u\u017esakymus prie PC Banginis. Dat\u0105 skelbiame tinklalapyje, laik\u0105 ir kit\u0105 informacij\u0105 para\u0161ysime jums \u012f el. pa\u0161t\u0105. I\u0161kilus klausimams, skambinkite numeriu: +(370) 673 25102, +(370) 605 63946<\/p>\n\n\n\n<ul class=\"wp-block-list\">\n<li><strong>Pristatymas per DPD kurjer\u012f<\/strong><\/li>\n\n\n\n<li><strong>Bankinis pavedimas<\/strong><\/li>\n<\/ul>\n\n\n\n<p>Patvirtinsime j\u016bs\u0173 u\u017esakym\u0105 ir atsi\u0173sim\u0119 s\u0105skait\u0105 apmok\u0117jimui. U\u017esakymas bus i\u0161si\u0173stas kai pavedimas pasieks m\u016bs\u0173 banko s\u0105skait\u0105. I\u0161kilus klausimams, skambinkite numeriu: +(370) 673 25102<\/p>\n\n\n\n<p><strong>Pristatymo kaina 8 eur, minimali u\u017esakymo suma 30&nbsp;<\/strong><strong>eur\u0173<\/strong><strong>.<\/strong><\/p>\n\n\n\n<p>Maksimalus siuntinio svoris 30 kg.<\/p>\n\n\n\n<p>Sodinukus siun\u010diame per kurjer\u012f \u012f bet kur\u012f Lietuvos miest\u0105, miestel\u012f ar kaim\u0105. Sodinukai pristatomi per 2-4 d. d. po apmok\u0117jimo gavimo. Prie\u0161 pristatant kurjeris jums paskambins bei sutars su jumis patog\u0173 pristatymo laik\u0105.<\/p>","protected":false},"excerpt":{"rendered":"<p>Nemokamas atsi\u0117mimas medelyne Apmok\u0117jimas atvykus \u012f viet\u0105 Apmok\u0117site grynaisiais atvyk\u0119 adresu: Prieplaukos g. 11, Babtai, Kauno r. Sodinukus suruo\u0161iame per 24val. Pra\u0161ome para\u0161yti dat\u0105 kada atvyksite atsiimti u\u017esakym\u0105 \u012f skilt\u012f PAPILDOMA INFORMACIJA. I\u0161kilus klausimams, skambinkite numeriu: +(370) 616 58628, +(370) 673 25102 Apmok\u0117site grynaisiais atvyk\u0119 prie PC Banginis ( P. Luk\u0161io g. 34, Vilnius) Sezonu<\/p>\n<div class=\"klb-readmore post-buttons\"><a class=\"btn btn-black btn-rounded\" href=\"https:\/\/dujukatiluservisas.lt\/en\/pristatymo-informacija\/\">Read More <i class=\"klbth-icon-right-arrow\"><\/i><\/a><\/div>","protected":false},"author":1,"featured_media":0,"parent":0,"menu_order":0,"comment_status":"closed","ping_status":"closed","template":"","meta":{"footnotes":""},"class_list":["post-4337","page","type-page","status-publish","hentry"],"_links":{"self":[{"href":"https:\/\/dujukatiluservisas.lt\/en\/wp-json\/wp\/v2\/pages\/4337","targetHints":{"allow":["GET"]}}],"collection":[{"href":"https:\/\/dujukatiluservisas.lt\/en\/wp-json\/wp\/v2\/pages"}],"about":[{"href":"https:\/\/dujukatiluservisas.lt\/en\/wp-json\/wp\/v2\/types\/page"}],"author":[{"embeddable":true,"href":"https:\/\/dujukatiluservisas.lt\/en\/wp-json\/wp\/v2\/users\/1"}],"replies":[{"embeddable":true,"href":"https:\/\/dujukatiluservisas.lt\/en\/wp-json\/wp\/v2\/comments?post=4337"}],"version-history":[{"count":1,"href":"https:\/\/dujukatiluservisas.lt\/en\/wp-json\/wp\/v2\/pages\/4337\/revisions"}],"predecessor-version":[{"id":4338,"href":"https:\/\/dujukatiluservisas.lt\/en\/wp-json\/wp\/v2\/pages\/4337\/revisions\/4338"}],"wp:attachment":[{"href":"https:\/\/dujukatiluservisas.lt\/en\/wp-json\/wp\/v2\/media?parent=4337"}],"curies":[{"name":"wp","href":"https:\/\/api.w.org\/{rel}","templated":true}]}}