{"id":4333,"date":"2026-02-22T14:07:41","date_gmt":"2026-02-22T14:07:41","guid":{"rendered":"https:\/\/dujukatiluservisas.lt\/?page_id=4333"},"modified":"2026-02-22T14:09:44","modified_gmt":"2026-02-22T14:09:44","slug":"terminai-ir-salygos","status":"publish","type":"page","link":"https:\/\/dujukatiluservisas.lt\/en\/terminai-ir-salygos\/","title":{"rendered":"Terminai ir s\u0105lygos"},"content":{"rendered":"<h2 class=\"wp-block-heading\"><\/h2>\n\n\n\n<h4 class=\"wp-block-heading\"><strong>Bendrosios nuostatos<\/strong><\/h4>\n\n\n\n<p><br>1.1.\u0160ios paslaug\u0173 teikimo taisykl\u0117s (toliau \u201eTaisykl\u0117s\u201d), jas patvirtinus Pirk\u0117jui (susipa\u017einus su Taisykl\u0117mis bei pa\u017eym\u0117jus varnel\u0119 prie teiginio \u201eSutinku\u201d), yra \u0161alims privalomas teisinis dokumentas, kuriame nustatomos Pirk\u0117jo ir Pardav\u0117jo teis\u0117s bei pareigos, preki\u0173 \u012fsigijimo bei apmok\u0117jimo u\u017e jas s\u0105lygos, \u0161ali\u0173 atsakomyb\u0117 bei kitos su paslaug\u0173 pirkimu \u2013 pardavimu tinklalapyje www.buskumedelynasbabtai.lt susijusios nuostatos.<\/p>\n\n\n\n<p>1.2.Pardav\u0117jas pasilieka teis\u0119 bet kuriuo metu pakeisti, taisyti ar papildyti Taisykles, atsi\u017evelgdamas \u012f teis\u0117s akt\u0173 nustatytus reikalavimus.<\/p>\n\n\n\n<p>1.3.Pirkti tinklalapyje www.buskumedelynas.lt turi teis\u0119:<\/p>\n\n\n\n<p>1.3.1.veiksn\u016bs fiziniai asmenys, t.y. asmenys, sulauk\u0119 pilnametyst\u0117s, kuri\u0173 veiksnumas n\u0117ra apribotas teismo tvarka<\/p>\n\n\n\n<p>1.3.2.nepilname\u010diai nuo keturiolikos iki a\u0161tuoniolikos met\u0173 am\u017eiaus, tik tur\u0117dami t\u0117v\u0173 arba r\u016bpintoj\u0173 sutikim\u0105, i\u0161skyrus tuos atvejus, kai jie savaranki\u0161kai disponuoja savo pajamomis<\/p>\n\n\n\n<p>1.3.3.juridiniai asmenys<\/p>\n\n\n\n<p>1.3.4. vis\u0173 auk\u0161\u010diau nurodyt\u0173 asmen\u0173 \u012fgalioti atstovai.<\/p>\n\n\n\n<p><strong>Asmens duomen\u0173 apsauga<\/strong><br>2.1.Pirk\u0117jas, nor\u0117damas u\u017esisakyti ataskait\u0105 tinklalapyje www.buskumedelynasbabtai.lt , gali u\u017esiregistruoti \u0161ioje internetin\u0117je svetain\u0117je, \u012fvesdamas savo registracijos vard\u0105 (el.pa\u0161to adres\u0105) ir slapta\u017eod\u012f. Pirk\u0117jas patvirtindamas \u0161ias taisykles sutinka, jog jo nurodytu elektroninio pa\u0161to adresu bus siun\u010diami informaciniai prane\u0161imai, kurie b\u016btini u\u017esakymui \u012fvykdyti.<br>Pirkimo \u2013 pardavimo sutarties sudarymo momentas<br>3.1.Sutartis tarp Pirk\u0117jo ir Pardav\u0117jo laikoma sudaryta nuo to momento, kai Pirk\u0117jas, i\u0161sirink\u0119s ataskait\u0105 ir suformav\u0119s preki\u0173 krep\u0161el\u012f, susipa\u017e\u012fsta su Taisykl\u0117mis bei pa\u017eymi varnel\u0119 prie teiginio \u201eSutinku\u201d.<\/p>\n\n\n\n<p>3.2.Kiekviena tarp Pirk\u0117jo ir Pardav\u0117jo sudaryta pirkimo \u2013 pardavimo sutartis yra registruojama ir saugoma tinklalapio www.buskumedelynasbabtai.lt duomen\u0173 baz\u0117je.<\/p>\n\n\n\n<p><strong>Pirk\u0117jo teis\u0117s<\/strong><br>4.1.Pirk\u0117jas turi teis\u0119 \u012fsigyti paslaugas ir prekes tinklalapyje www.buskumedelynasbabtai.lt \u0161i\u0173 Taisykli\u0173 nustatyta tvarka.<\/p>\n\n\n\n<p>4.2.Pirk\u0117jas turi teis\u0119 atsisakyti nuotolin\u0117s pirkimo \u2013 paslaug\u0173 teikimo sutarties, jeigu Pardav\u0117jas ne\u012fvykdo savo \u012fsipareigojim\u0173.<\/p>\n\n\n\n<p>4.3.Pirk\u0117jas neturi teis\u0117s atsisakyti nuotolin\u0117s pirkimo \u2013 paslaug\u0173 teikimo sutarties, pagal kuri\u0105 paslaugos vartotojui visi\u0161kai suteiktos, jeigu prie\u0161 paslaug\u0173 teikim\u0105 buvo gautas vartotojo ai\u0161kus sutikimas ir pripa\u017einimas, kad jis neteks teis\u0117s atsisakyti sutarties, kai verslininkas visi\u0161kai \u012fvykdys sutart\u012f.<\/p>\n\n\n\n<p>Pirk\u0117jo \u012fsipareigojimai<br>5.1.Pirk\u0117jas privalo sumok\u0117ti u\u017e paslaugas ir priimti jas \u0161i\u0173 Taisykli\u0173 nustatyta tvarka.<\/p>\n\n\n\n<p>5.2.Prie\u0161 sudarydamas nuotolin\u0119 pirkimo \u2013 paslaug\u0173 pardavimo sutart\u012f Pirk\u0117jas \u012fsipareigoja i\u0161samiai susipa\u017einti su visomis pirkimo s\u0105lygomis.<\/p>\n\n\n\n<p>5.3. Pirk\u0117jas \u012fsipareigoja neperduoti tretiesiems asmenims savo prisijungimo duomen\u0173. Jei Pirk\u0117jas praranda prisijungimo duomenis, jis privalo nedelsiant informuoti apie tai Pardav\u0117j\u0105 skyriuje \u201eKontaktai\u201d nurodytomis susisiekimo priemon\u0117mis.<\/p>\n\n\n\n<p>5.4. Pirk\u0117jas, naudodamasis tinklalapiu www.buskumedelynasbabtai.lt , \u012fsipareigoja laikytis \u0161i\u0173 Taisykli\u0173, kit\u0173 s\u0105lyg\u0173 bei nepa\u017eeisti Lietuvos Respublikos teis\u0117s akt\u0173.<\/p>\n\n\n\n<p>6.1.Jei Pirk\u0117jas bando pakenkti tinklalapio www.buskumedelynasbabtai.lt darbo stabilumui ir saugumui ar pa\u017eeid\u017eia savo \u012fsipareigojimus, Pardav\u0117jas turi teis\u0119 nedelsiant ir be persp\u0117jimo apriboti ar sustabdyti jam galimyb\u0119 naudotis tinklalapiu www.buskumedelynasbabtai.lt arba i\u0161skirtiniais atvejais panaikinti Pirk\u0117jo registracij\u0105.<\/p>\n\n\n\n<p>6.2.Susidarius svarbioms aplinkyb\u0117ms, Pardav\u0117jas gali laikinai arba i\u0161 viso nutraukti tinklalapio www.buskumedelynasbabtai.lt veikl\u0105, apie tai i\u0161 anksto neprane\u0161\u0119 Pirk\u0117jui.<\/p>\n\n\n\n<p><strong>Pardav\u0117jo \u012fsipareigojimai<\/strong><br>7.1.Pardav\u0117jas \u012fsipareigoja \u0161iose Taisykl\u0117se nustatytomis s\u0105lygomis sudaryti Pirk\u0117jui galimyb\u0119 naudotis tinklalapio www.buskumedelynasbabtai.lt teikiamomis paslaugomis.<\/p>\n\n\n\n<p>7.2.Pardav\u0117jas \u012fsipareigoja gerbti Pirk\u0117jo privatumo teis\u0119 \u012f jam priklausan\u010di\u0105 asmenin\u0119 informacij\u0105, nurodyt\u0105 tinklalapio www.buskumedelynasbabtai.lt registracijos formoje, i\u0161skyrus Lietuvos Respublikos \u012fstatymuose ir \u201eTaisykl\u0117se d\u0117l asmens duomen\u0173 apsaugos\u201d nustatytus atvejus.<\/p>\n\n\n\n<p>7.3.Pardav\u0117jas \u012fsipareigoja pristatyti Pirk\u0117jo u\u017esakytas paslaugas Taisykl\u0117se nurodytomis s\u0105lygomis.<\/p>\n\n\n\n<p>7.4.Pardav\u0117jas, d\u0117l svarbi\u0173 aplinkybi\u0173 negal\u0117damas suteikti Pirk\u0117jui u\u017esakytos paslaugos, \u012fsipareigoja pasi\u016blyti analogi\u0161k\u0105 ar kiek \u012fmanoma savo savyb\u0117mis pana\u0161esn\u0119 paslaug\u0105. Pirk\u0117jui atsisakius priimti analogi\u0161k\u0105 ar savo savyb\u0117mis pana\u0161iausi\u0105 prek\u0119, Pardav\u0117jas \u012fsipareigoja gr\u0105\u017einti Pirk\u0117jui sumok\u0117tus pinigus per 14 darbo dien\u0173, jeigu buvo atliktas i\u0161ankstinis apmok\u0117jimas.<\/p>\n\n\n\n<p><strong>Paslaug\u0173 kainos, apmok\u0117jimo tvarka ir terminai<\/strong><br>8.1.Paslaug\u0173 kainos tinklalapyje www.buskumedelynasbabtai.lt ir suformuotame u\u017esakyme nurodomos eurais su PVM.<\/p>\n\n\n\n<p>8.2.Pirk\u0117jas atsiskaito u\u017e paslaugas naudodamasis www.buskumedelynasbabtai.lt partneri\u0173 sistema.<\/p>\n\n\n\n<p><strong>Paslaug\u0173 kokyb\u0117s garantija<\/strong><br>9.1.Kiekvienos tinklalapio www.buskumedelynasbabtai.lt parduodamos prek\u0117s garantinis yra nurodomas jos apra\u0161yme.<br><strong>Atsakomyb\u0117<\/strong><br>10.1.Pirk\u0117jas yra visi\u0161kai atsakingas u\u017e registracijos formoje pateikt\u0173 duomen\u0173 teisingum\u0105. Jei Pirk\u0117jas nepateikia registracijos formoje tiksli\u0173 duomen\u0173, Pardav\u0117jas neatsako u\u017e d\u0117l to atsiradusius padarinius.<\/p>\n\n\n\n<p>10.2.Pirk\u0117jas atsako u\u017e veiksmus, atliktus naudojantis tinklalapiu www.buskumedelynasbabtai.lt<\/p>\n\n\n\n<p>10.3.Pirk\u0117jas atsako u\u017e savo prisijungimo duomen\u0173 perdavim\u0105 tretiesiems asmenims. Jei tinklalapio www.buskumedelynasbabtai.lt teikiamomis paslaugomis naudojasi tre\u010diasis asmuo, prisijung\u0119s prie tinklalapio naudodamasis Pirk\u0117jo prisijungimo duomenimis, Pardav\u0117jas \u0161\u012f asmen\u012f laiko Pirk\u0117ju.<\/p>\n\n\n\n<p>10.4.Pardav\u0117jas atleid\u017eiamas nuo bet kokios atsakomyb\u0117s tais atvejais, kai nuostoliai kyla d\u0117l to, jog Pirk\u0117jas, neatsi\u017evelgdamas \u012f Pardav\u0117jo rekomendacijas ir savo \u012fsipareigojimus, nesusipa\u017eino su \u0161iomis Taisykl\u0117mis, nors tokia galimyb\u0117 jam buvo suteikta.<\/p>\n\n\n\n<p>10.5.Jei Pardav\u0117jo tinklalapyje yra nuorodos \u012f kit\u0173 \u012fmoni\u0173, \u012fstaig\u0173, organizacij\u0173 ar asmen\u0173 tinklapius, Pardav\u0117jas n\u0117ra atsakingas u\u017e ten esan\u010di\u0105 informacij\u0105 ar vykdom\u0105 veikl\u0105, t\u0173 tinklapi\u0173 nepri\u017ei\u016bri, nekontroliuoja ir toms \u012fmon\u0117ms bei asmenims neatstovauja.<\/p>\n\n\n\n<p>10.6.Atsiradus \u017ealai, kaltoji \u0161alis atlygina kitai \u0161aliai tiesioginius nuostolius.<\/p>\n\n\n\n<p>11.1.Pardav\u0117jas savo nuo\u017ei\u016bra gali inicijuoti tinklalapio www.buskumedelynasbabtai.lt \u012fvairias akcijas.<\/p>\n\n\n\n<p>11.2.Pardav\u0117jas turi teis\u0119 viena\u0161ali\u0161kai, be atskiro \u012fsp\u0117jimo, pakeisti akcij\u0173 s\u0105lygas, taip pat jas panaikinti. Bet kokie akcij\u0173 s\u0105lyg\u0173 tvarkos pakeitimai ar panaikinimas galioja tik \u012f priek\u012f, t.y. nuo j\u0173 atlikimo momento.<\/p>\n\n\n\n<p><strong>Apsikeitimas informacija<\/strong><br>12.1.Pardav\u0117jas visus prane\u0161imus siun\u010dia Pirk\u0117jo registracijos formoje pateiktu elektroninio pa\u0161to adresu.<\/p>\n\n\n\n<p>12.2.Pirk\u0117jas visus prane\u0161imus ir klausimus siun\u010dia Pardav\u0117jo elektronin\u0117s parduotuv\u0117s skyriuje \u201eKontaktai\u201d nurodytomis susisiekimo priemon\u0117mis.<\/p>\n\n\n\n<p><strong>Baigiamosios nuostatos<\/strong><br>13.1.\u0160ios taisykl\u0117s sudarytos vadovaujantis LR teis\u0117s aktais.<\/p>\n\n\n\n<p>13.2.\u0160i\u0173 taisykli\u0173 pagrindu kylantiems santykiams taikoma LR teis\u0117.<\/p>\n\n\n\n<p>13.3.D\u0117l kilusio gin\u010do i\u0161nagrin\u0117jimo ne teismine tvarka Pirk\u0117jas turi teis\u0119 kreiptis \u012f Valstybin\u0119 vartotoj\u0173 teisi\u0173 apsaugos tarnyb\u0105<\/p>\n\n\n\n<p>13.4.Visi nesutarimai, kil\u0119 d\u0117l \u0161i\u0173 taisykli\u0173 vykdymo, sprend\u017eiami deryb\u0173 b\u016bdu. Nepavykus susitarti, gin\u010dai sprend\u017eiami LR \u012fstatym\u0173 nustatyta tvarka.<\/p>","protected":false},"excerpt":{"rendered":"<p>Bendrosios nuostatos 1.1.\u0160ios paslaug\u0173 teikimo taisykl\u0117s (toliau \u201eTaisykl\u0117s\u201d), jas patvirtinus Pirk\u0117jui (susipa\u017einus su Taisykl\u0117mis bei pa\u017eym\u0117jus varnel\u0119 prie teiginio \u201eSutinku\u201d), yra \u0161alims privalomas teisinis dokumentas, kuriame nustatomos Pirk\u0117jo ir Pardav\u0117jo teis\u0117s bei pareigos, preki\u0173 \u012fsigijimo bei apmok\u0117jimo u\u017e jas s\u0105lygos, \u0161ali\u0173 atsakomyb\u0117 bei kitos su paslaug\u0173 pirkimu \u2013 pardavimu tinklalapyje www.buskumedelynasbabtai.lt susijusios nuostatos. 1.2.Pardav\u0117jas pasilieka<\/p>\n<div class=\"klb-readmore post-buttons\"><a class=\"btn btn-black btn-rounded\" href=\"https:\/\/dujukatiluservisas.lt\/en\/terminai-ir-salygos\/\">Read More <i class=\"klbth-icon-right-arrow\"><\/i><\/a><\/div>","protected":false},"author":1,"featured_media":0,"parent":0,"menu_order":0,"comment_status":"closed","ping_status":"closed","template":"","meta":{"footnotes":""},"class_list":["post-4333","page","type-page","status-publish","hentry"],"_links":{"self":[{"href":"https:\/\/dujukatiluservisas.lt\/en\/wp-json\/wp\/v2\/pages\/4333","targetHints":{"allow":["GET"]}}],"collection":[{"href":"https:\/\/dujukatiluservisas.lt\/en\/wp-json\/wp\/v2\/pages"}],"about":[{"href":"https:\/\/dujukatiluservisas.lt\/en\/wp-json\/wp\/v2\/types\/page"}],"author":[{"embeddable":true,"href":"https:\/\/dujukatiluservisas.lt\/en\/wp-json\/wp\/v2\/users\/1"}],"replies":[{"embeddable":true,"href":"https:\/\/dujukatiluservisas.lt\/en\/wp-json\/wp\/v2\/comments?post=4333"}],"version-history":[{"count":3,"href":"https:\/\/dujukatiluservisas.lt\/en\/wp-json\/wp\/v2\/pages\/4333\/revisions"}],"predecessor-version":[{"id":4336,"href":"https:\/\/dujukatiluservisas.lt\/en\/wp-json\/wp\/v2\/pages\/4333\/revisions\/4336"}],"wp:attachment":[{"href":"https:\/\/dujukatiluservisas.lt\/en\/wp-json\/wp\/v2\/media?parent=4333"}],"curies":[{"name":"wp","href":"https:\/\/api.w.org\/{rel}","templated":true}]}}