{"id":2306,"date":"2025-04-10T15:47:18","date_gmt":"2025-04-10T15:47:18","guid":{"rendered":"https:\/\/dujukatiluservisas.lt\/?page_id=2306"},"modified":"2026-02-21T13:14:00","modified_gmt":"2026-02-21T13:14:00","slug":"asortimentas","status":"publish","type":"page","link":"https:\/\/dujukatiluservisas.lt\/en\/asortimentas\/","title":{"rendered":"Pramon\u0117 ir gamyba"},"content":{"rendered":"<div data-elementor-type=\"wp-page\" data-elementor-id=\"2306\" class=\"elementor elementor-2306\">\n\t\t\t\t<div class=\"elementor-element elementor-element-29f5bd3 e-con-full e-flex e-con e-parent\" data-id=\"29f5bd3\" data-element_type=\"container\">\n\t\t\t\t<div class=\"elementor-element elementor-element-0f9079b elementor-widget elementor-widget-fynode-page-banner\" data-id=\"0f9079b\" data-element_type=\"widget\" data-widget_type=\"fynode-page-banner.default\">\n\t\t\t\t<div class=\"elementor-widget-container\">\n\t\t\t\t\t<div class=\"site-page-header klb-page-banner style-1\"><div class=\"container\"><div class=\"site-page-header-inner\"><h1 class=\"entry-title\">Pramon\u0117 ir gamyba<\/h1><div class=\"entry-description\"><p><\/p><\/div><!-- New Arrival --><\/div><!-- site-page-header-inner --><\/div><!-- container --><\/div><!-- site-page-header -->\t\t\t\t<\/div>\n\t\t\t\t<\/div>\n\t\t\t\t<\/div>\n\t\t<div class=\"elementor-element elementor-element-5fbbb71 e-flex e-con-boxed e-con e-parent\" data-id=\"5fbbb71\" data-element_type=\"container\">\n\t\t\t\t\t<div class=\"e-con-inner\">\n\t\t<div class=\"elementor-element elementor-element-dada9b6 e-con-full e-flex e-con e-child\" data-id=\"dada9b6\" data-element_type=\"container\">\n\t\t\t\t<div class=\"elementor-element elementor-element-0b6f25f elementor-widget elementor-widget-text-editor\" data-id=\"0b6f25f\" data-element_type=\"widget\" data-widget_type=\"text-editor.default\">\n\t\t\t\t<div class=\"elementor-widget-container\">\n\t\t\t\t\t\t\t\t\t<p class=\"\" data-start=\"3013\" data-end=\"3310\"><strong data-start=\"3013\" data-end=\"3159\">Gamybin\u0117s \u012fmon\u0117s da\u017enai susiduria su ypatingai auk\u0161tais vandens kokyb\u0117s reikalavimais \u2013 tiek technologiniam naudojimui, tiek produkt\u0173 gamybai.<\/strong> UAB \u201eGamteka\u201c projektuoja ir \u012fgyvendina pa\u017eangiausius <strong data-start=\"3214\" data-end=\"3256\">vandens filtravimo sprendimus pramonei<\/strong>, u\u017etikrindama ilgaam\u017ei\u0161kum\u0105, ekonomi\u0161kum\u0105 ir tvarum\u0105.<\/p><h3 class=\"\" data-start=\"3312\" data-end=\"3336\">K\u0105 si\u016blome pramonei?<\/h3><ul data-start=\"3338\" data-end=\"3630\"><li class=\"\" data-start=\"3338\" data-end=\"3392\"><p class=\"\" data-start=\"3340\" data-end=\"3392\">Didelio na\u0161umo <strong data-start=\"3355\" data-end=\"3392\">atvirk\u0161tinio osmoso sistemos (RO)<\/strong><\/p><\/li><li class=\"\" data-start=\"3393\" data-end=\"3458\"><p class=\"\" data-start=\"3395\" data-end=\"3458\"><strong data-start=\"3395\" data-end=\"3429\">Nugele\u017einimo, nuos\u0117d\u0173 \u0161alinimo<\/strong>, pH balanso sistem\u0173 diegimas<\/p><\/li><li class=\"\" data-start=\"3459\" data-end=\"3527\"><p class=\"\" data-start=\"3461\" data-end=\"3527\"><strong data-start=\"3461\" data-end=\"3527\">Automatizuoti siurbliai, vo\u017etuvai, sl\u0117giminiai filtr\u0173 korpusai<\/strong><\/p><\/li><li class=\"\" data-start=\"3528\" data-end=\"3573\"><p class=\"\" data-start=\"3530\" data-end=\"3573\"><strong data-start=\"3530\" data-end=\"3564\">Filtravimo u\u017epild\u0173 ir reagent\u0173<\/strong> tiekimas<\/p><\/li><li class=\"\" data-start=\"3574\" data-end=\"3630\"><p class=\"\" data-start=\"3576\" data-end=\"3630\">Ilgalaik\u0117 technin\u0117 prie\u017ei\u016bra ir sistem\u0173 modernizavimas<\/p><\/li><\/ul><p class=\"\" data-start=\"3632\" data-end=\"3894\"><strong data-start=\"3632\" data-end=\"3665\">Kiekvienas pramon\u0117s sektorius<\/strong> \u2013 nuo metalo apdirbimo iki farmacijos ar maisto pramon\u0117s \u2013 reikalauja skirting\u0173 sprendim\u0173. M\u016bs\u0173 <strong data-start=\"3762\" data-end=\"3784\">in\u017einieri\u0173 komanda<\/strong> \u012fvertina visas specifikacijas ir u\u017etikrina, kad sistema veikt\u0173 efektyviai net ir sud\u0117tingiausiomis s\u0105lygomis.<\/p><p class=\"\" data-start=\"3896\" data-end=\"4014\"><strong data-start=\"3896\" data-end=\"3907\">Gamteka<\/strong> yra pasirinkimas tiems, kurie ie\u0161ko <strong data-start=\"3944\" data-end=\"4014\">i\u0161bandyt\u0173 sprendim\u0173 ir partnerio, suprantan\u010dio pramon\u0117s poreikius.<\/strong><\/p>\t\t\t\t\t\t\t\t<\/div>\n\t\t\t\t<\/div>\n\t\t\t\t<\/div>\n\t\t<div class=\"elementor-element elementor-element-581f07b e-con-full e-flex e-con e-child\" data-id=\"581f07b\" data-element_type=\"container\">\n\t\t\t\t<div class=\"elementor-element elementor-element-2728a25 elementor-widget elementor-widget-image\" data-id=\"2728a25\" data-element_type=\"widget\" data-widget_type=\"image.default\">\n\t\t\t\t<div class=\"elementor-widget-container\">\n\t\t\t\t\t\t\t\t\t\t\t\t\t\t\t<img fetchpriority=\"high\" decoding=\"async\" width=\"894\" height=\"697\" src=\"https:\/\/dujukatiluservisas.lt\/wp-content\/uploads\/2025\/04\/pramonegynb.webp\" class=\"attachment-full size-full wp-image-2308\" alt=\"\" srcset=\"https:\/\/dujukatiluservisas.lt\/wp-content\/uploads\/2025\/04\/pramonegynb.webp 894w, https:\/\/dujukatiluservisas.lt\/wp-content\/uploads\/2025\/04\/pramonegynb-300x234.webp 300w, https:\/\/dujukatiluservisas.lt\/wp-content\/uploads\/2025\/04\/pramonegynb-768x599.webp 768w, https:\/\/dujukatiluservisas.lt\/wp-content\/uploads\/2025\/04\/pramonegynb-15x12.webp 15w, https:\/\/dujukatiluservisas.lt\/wp-content\/uploads\/2025\/04\/pramonegynb-600x468.webp 600w, https:\/\/dujukatiluservisas.lt\/wp-content\/uploads\/2025\/04\/pramonegynb-69x54.webp 69w\" sizes=\"(max-width: 894px) 100vw, 894px\" \/>\t\t\t\t\t\t\t\t\t\t\t\t\t\t\t<\/div>\n\t\t\t\t<\/div>\n\t\t\t\t<\/div>\n\t\t\t\t\t<\/div>\n\t\t\t\t<\/div>\n\t\t\t\t<\/div>","protected":false},"excerpt":{"rendered":"<p>Pramon\u0117 ir gamyba Gamybin\u0117s \u012fmon\u0117s da\u017enai susiduria su ypatingai auk\u0161tais vandens kokyb\u0117s reikalavimais \u2013 tiek technologiniam naudojimui, tiek produkt\u0173 gamybai. UAB \u201eGamteka\u201c projektuoja ir \u012fgyvendina pa\u017eangiausius vandens filtravimo sprendimus pramonei, u\u017etikrindama ilgaam\u017ei\u0161kum\u0105, ekonomi\u0161kum\u0105 ir tvarum\u0105. K\u0105 si\u016blome pramonei? Didelio na\u0161umo atvirk\u0161tinio osmoso sistemos (RO) Nugele\u017einimo, nuos\u0117d\u0173 \u0161alinimo, pH balanso sistem\u0173 diegimas Automatizuoti siurbliai, vo\u017etuvai, sl\u0117giminiai<\/p>\n<div class=\"klb-readmore post-buttons\"><a class=\"btn btn-black btn-rounded\" href=\"https:\/\/dujukatiluservisas.lt\/en\/asortimentas\/\">Read More <i class=\"klbth-icon-right-arrow\"><\/i><\/a><\/div>","protected":false},"author":1,"featured_media":0,"parent":0,"menu_order":0,"comment_status":"closed","ping_status":"closed","template":"","meta":{"footnotes":""},"class_list":["post-2306","page","type-page","status-publish","hentry"],"_links":{"self":[{"href":"https:\/\/dujukatiluservisas.lt\/en\/wp-json\/wp\/v2\/pages\/2306","targetHints":{"allow":["GET"]}}],"collection":[{"href":"https:\/\/dujukatiluservisas.lt\/en\/wp-json\/wp\/v2\/pages"}],"about":[{"href":"https:\/\/dujukatiluservisas.lt\/en\/wp-json\/wp\/v2\/types\/page"}],"author":[{"embeddable":true,"href":"https:\/\/dujukatiluservisas.lt\/en\/wp-json\/wp\/v2\/users\/1"}],"replies":[{"embeddable":true,"href":"https:\/\/dujukatiluservisas.lt\/en\/wp-json\/wp\/v2\/comments?post=2306"}],"version-history":[{"count":7,"href":"https:\/\/dujukatiluservisas.lt\/en\/wp-json\/wp\/v2\/pages\/2306\/revisions"}],"predecessor-version":[{"id":2314,"href":"https:\/\/dujukatiluservisas.lt\/en\/wp-json\/wp\/v2\/pages\/2306\/revisions\/2314"}],"wp:attachment":[{"href":"https:\/\/dujukatiluservisas.lt\/en\/wp-json\/wp\/v2\/media?parent=2306"}],"curies":[{"name":"wp","href":"https:\/\/api.w.org\/{rel}","templated":true}]}}